{"id":1655,"date":"2019-12-05T09:29:53","date_gmt":"2019-12-05T08:29:53","guid":{"rendered":"https:\/\/www.arrozbayo.es\/bayo-expert\/"},"modified":"2022-06-21T09:47:13","modified_gmt":"2022-06-21T07:47:13","slug":"bayo-expert","status":"publish","type":"page","link":"https:\/\/www.arrozbayo.es\/ca\/bayo-expert\/","title":{"rendered":"BAYO EXPERT"},"content":{"rendered":"<p>[et_pb_section fb_built=&#8221;1&#8243; admin_label=&#8221;Section 1&#8243; _builder_version=&#8221;4.0.3&#8243; background_enable_color=&#8221;off&#8221; background_image=&#8221;https:\/\/www.arrozbayo.es\/wp-content\/uploads\/2019\/12\/section-inicio-plato.png&#8221;][et_pb_row admin_label=&#8221;row&#8221; _builder_version=&#8221;4.0.3&#8243; background_size=&#8221;initial&#8221; background_position=&#8221;top_left&#8221; background_repeat=&#8221;repeat&#8221; max_width=&#8221;925px&#8221; module_alignment=&#8221;center&#8221;][et_pb_column type=&#8221;4_4&#8243; _builder_version=&#8221;3.25&#8243; custom_padding=&#8221;|||&#8221; custom_padding__hover=&#8221;|||&#8221;][et_pb_text admin_label=&#8221;BAYO EXPERT&#8221; _builder_version=&#8221;4.0.3&#8243;]<\/p>\n<div class=\"section1\">\n<div>\n<h1>BAYO EXPERT<\/h1>\n<h2>Tradici\u00f3 arrossera des de 1860<\/h2>\n<p>Des de 1860 cultivem tots els nostres arrossos en ple parc natural amb l&#8217;ajuda de cavalls perxerons de color bai, dels quals sorgeix el nom de la nostra marca.<\/p>\n<p>Els nostres arrossos i productes d&#8217;hostaleria s\u00f3n el fruit de la nostra experi\u00e8ncia i capacitat d&#8217;innovaci\u00f3, i estan avalats per xefs de prestigi reconeguts amb estrelles Michelin.<\/p>\n<\/div>\n<\/div>\n<p>[\/et_pb_text][\/et_pb_column][\/et_pb_row][\/et_pb_section][et_pb_section fb_built=&#8221;1&#8243; admin_label=&#8221;Section 2&#8243; module_class=&#8221;section2&#8243; _builder_version=&#8221;4.0.3&#8243;][et_pb_row _builder_version=&#8221;4.0.3&#8243; max_width=&#8221;760px&#8221; module_alignment=&#8221;center&#8221; custom_padding=&#8221;20px||20px||false|false&#8221;][et_pb_column type=&#8221;4_4&#8243; _builder_version=&#8221;4.0.3&#8243;][et_pb_text admin_label=&#8221;ARROZ CARNAROLI&#8221; _builder_version=&#8221;4.0.3&#8243; custom_margin=&#8221;||40px||false|false&#8221;]<\/p>\n<div>\n<h3>Pr\u00e8mium<\/h3>\n<h2>ARR\u00d2S CARNAROLI<\/h2>\n<p><img loading=\"lazy\" decoding=\"async\" width=\"800\" height=\"565\" class=\"wp-image-1459 size-medium aligncenter\" src=\"https:\/\/www.arrozbayo.es\/wp-content\/uploads\/2019\/12\/premium-arroz-carnaroli.png\" alt=\"ARROZ CARNAROLI\" srcset=\"https:\/\/www.arrozbayo.es\/wp-content\/uploads\/2019\/12\/premium-arroz-carnaroli.png 800w, https:\/\/www.arrozbayo.es\/wp-content\/uploads\/2019\/12\/premium-arroz-carnaroli-480x339.png 480w\" sizes=\"(min-width: 0px) and (max-width: 480px) 480px, (min-width: 481px) 800px, 100vw\" \/><\/p>\n<h4>El rei dels arrossos<\/h4>\n<p>Preferit en l&#8217;alta cuina pel seu elegant aspecte al plat i per la seva versatilitat en m\u00faltiples receptes, garanteix sempre uns resultats excel\u00b7lents.<\/p>\n<\/div>\n<p>[\/et_pb_text][et_pb_text admin_label=&#8221;ARROZ CARNAROLI&#8221; _builder_version=&#8221;4.0.3&#8243; custom_margin=&#8221;100px||||false|false&#8221;]<\/p>\n<div>\n<h3>Pr\u00e8mium<\/h3>\n<h2>ARROZ CARNAROLI<\/h2>\n<p><img decoding=\"async\" class=\"wp-image-1459 size-medium aligncenter\" src=\"https:\/\/www.arrozbayo.es\/wp-content\/uploads\/2019\/12\/premium-arroz-carnaroli-reserva.png\" alt=\"ARROZ CARNAROLI\" \/><\/p>\n<h4>Carnaroli envellit<\/h4>\n<p>L&#8217;Arr\u00f2s Bayo Carnaroli Premium Reserva es guarda en petites sitges a una temperatura controlada durant un m\u00ednim de 12 mesos. S&#8217;elabora al nostre mol\u00ed artesanal de baixa velocitat, amb una molta delicada i natural per a obtenir un arr\u00f2s d&#8217;alta qualitat que garanteix una cocci\u00f3 homog\u00e8nia, ressaltant les qualitats de l&#8217;arr\u00f2s carnaroli.<\/p>\n<\/div>\n<p>[\/et_pb_text][et_pb_text admin_label=&#8221;iconos&#8221; _builder_version=&#8221;4.0.3&#8243; text_orientation=&#8221;center&#8221; max_width=&#8221;527px&#8221; module_alignment=&#8221;center&#8221;]<\/p>\n<div class=\"section1\">\n<div style=\"padding-top:25px;\">\n<div class=\"c1\">\n<div class=\"v1\">\n<img loading=\"lazy\" decoding=\"async\" src=\"https:\/\/www.arrozbayo.es\/wp-content\/uploads\/2019\/12\/icon1.png\" width=\"30\" height=\"70\" alt=\"Temperatura controlada\" class=\"wp-image-1574 alignnone size-medium\" \/><br \/>\nTemperatura controlada\n<\/div>\n<div class=\"v2-1\">\n+\n<\/div>\n<div class=\"v1\">\n<img loading=\"lazy\" decoding=\"async\" src=\"https:\/\/www.arrozbayo.es\/wp-content\/uploads\/2019\/12\/icon2.png\" width=\"66\" height=\"70\" alt=\"Envejecimiento\" class=\"wp-image-1572 alignnone size-medium\" \/><br \/>\nEnvelliment\n<\/div>\n<div class=\"v2\">\n+\n<\/div>\n<div class=\"v1\">\n<img loading=\"lazy\" decoding=\"async\" src=\"https:\/\/www.arrozbayo.es\/wp-content\/uploads\/2019\/12\/icon3.png\" width=\"69\" height=\"69\" alt=\"Slow millo process\" class=\"wp-image-1570 alignnone size-medium\" \/><br \/>\nSlow millo process\n<\/div>\n<div class=\"v2\">\n=\n<\/div>\n<div class=\"v1\">\n<img loading=\"lazy\" decoding=\"async\" src=\"https:\/\/www.arrozbayo.es\/wp-content\/uploads\/2019\/12\/icon4.png\" width=\"60\" height=\"70\" alt=\"Homogeneidad en la coacci\u00f3n\" class=\"wp-image-1568 alignnone size-full\" \/><br \/>\nHomogene\u00eftat en la cocci\u00f3\n<\/div>\n<\/div>\n<\/div>\n<\/div>\n<p>[\/et_pb_text][\/et_pb_column][\/et_pb_row][\/et_pb_section][et_pb_section fb_built=&#8221;1&#8243; admin_label=&#8221;Section 3&#8243; _builder_version=&#8221;4.0.3&#8243; background_image=&#8221;https:\/\/www.arrozbayo.es\/wp-content\/uploads\/2019\/12\/section-mas-tramontano.png&#8221;][et_pb_row _builder_version=&#8221;4.0.3&#8243; max_width=&#8221;950px&#8221; module_alignment=&#8221;center&#8221;][et_pb_column type=&#8221;4_4&#8243; _builder_version=&#8221;4.0.3&#8243;][et_pb_text _builder_version=&#8221;4.0.3&#8243;]<\/p>\n<div class=\"section3\">\n<div>\n<h2>Mas Tramontano<\/h2>\n<p>Al Mas Tramontano, un enclavament protegit i conegut antigament com les goles de l&#8217;Ebre, conreem un arr\u00f2s \u00fanic i molt apreciat per la seva qualitat culin\u00e0ria.<\/p>\n<p>Les particulars caracter\u00edstiques i fertilitat del terreny, els nostres m\u00e8todes tradicionals de cultiu i un proc\u00e9s d&#8217;envelliment en sitges en garanteixen l\u2019extraordin\u00e0ria qualitat i la gran capacitat per a absorbir el sabor dels aliments.<\/p>\n<\/div>\n<\/div>\n<p>[\/et_pb_text][\/et_pb_column][\/et_pb_row][\/et_pb_section][et_pb_section fb_built=&#8221;1&#8243; _builder_version=&#8221;4.0.3&#8243; background_image=&#8221;https:\/\/www.arrozbayo.es\/wp-content\/uploads\/2019\/12\/section-final-plato.png&#8221;][et_pb_row _builder_version=&#8221;4.0.3&#8243;][et_pb_column type=&#8221;4_4&#8243; _builder_version=&#8221;4.0.3&#8243;][et_pb_code _builder_version=&#8221;4.0.3&#8243;]<\/p>\n<div style=\"height:150px; width:100%;\"><!-- [et_pb_line_break_holder] -->  <!-- [et_pb_line_break_holder] --><!-- [et_pb_line_break_holder] --><\/div>\n<p>[\/et_pb_code][\/et_pb_column][\/et_pb_row][\/et_pb_section]<\/p>\n","protected":false},"excerpt":{"rendered":"<p>[et_pb_section fb_built=&#8221;1&#8243; admin_label=&#8221;Section 1&#8243; _builder_version=&#8221;4.0.3&#8243; background_enable_color=&#8221;off&#8221; background_image=&#8221;https:\/\/www.arrozbayo.es\/wp-content\/uploads\/2019\/12\/section-inicio-plato.png&#8221;][et_pb_row admin_label=&#8221;row&#8221; _builder_version=&#8221;4.0.3&#8243; background_size=&#8221;initial&#8221; background_position=&#8221;top_left&#8221; background_repeat=&#8221;repeat&#8221; max_width=&#8221;925px&#8221; module_alignment=&#8221;center&#8221;][et_pb_column type=&#8221;4_4&#8243; _builder_version=&#8221;3.25&#8243; custom_padding=&#8221;|||&#8221; custom_padding__hover=&#8221;|||&#8221;][et_pb_text admin_label=&#8221;BAYO EXPERT&#8221; _builder_version=&#8221;4.0.3&#8243;] BAYO EXPERT Tradici\u00f3 arrossera des de 1860 Des de 1860 cultivem tots els nostres arrossos en ple parc natural amb l&#8217;ajuda de cavalls perxerons de color bai, dels quals sorgeix el nom de la [&hellip;]<\/p>\n","protected":false},"author":3,"featured_media":0,"parent":0,"menu_order":0,"comment_status":"closed","ping_status":"closed","template":"","meta":{"_et_pb_use_builder":"on","_et_pb_old_content":"","_et_gb_content_width":"","footnotes":""},"class_list":["post-1655","page","type-page","status-publish","hentry"],"yoast_head":"<!-- This site is optimized with the Yoast SEO plugin v25.6 - https:\/\/yoast.com\/wordpress\/plugins\/seo\/ -->\n<title>BAYO EXPERT - Bayo<\/title>\n<meta name=\"robots\" content=\"index, follow, max-snippet:-1, max-image-preview:large, max-video-preview:-1\" \/>\n<link rel=\"canonical\" href=\"https:\/\/www.arrozbayo.es\/ca\/bayo-expert\/\" \/>\n<meta property=\"og:locale\" content=\"ca_ES\" \/>\n<meta property=\"og:type\" content=\"article\" \/>\n<meta property=\"og:title\" content=\"BAYO EXPERT - Bayo\" \/>\n<meta property=\"og:description\" content=\"[et_pb_section fb_built=&#8221;1&#8243; admin_label=&#8221;Section 1&#8243; _builder_version=&#8221;4.0.3&#8243; background_enable_color=&#8221;off&#8221; background_image=&#8221;https:\/\/www.arrozbayo.es\/wp-content\/uploads\/2019\/12\/section-inicio-plato.png&#8221;][et_pb_row admin_label=&#8221;row&#8221; _builder_version=&#8221;4.0.3&#8243; background_size=&#8221;initial&#8221; background_position=&#8221;top_left&#8221; background_repeat=&#8221;repeat&#8221; max_width=&#8221;925px&#8221; module_alignment=&#8221;center&#8221;][et_pb_column type=&#8221;4_4&#8243; _builder_version=&#8221;3.25&#8243; custom_padding=&#8221;|||&#8221; custom_padding__hover=&#8221;|||&#8221;][et_pb_text admin_label=&#8221;BAYO EXPERT&#8221; _builder_version=&#8221;4.0.3&#8243;] BAYO EXPERT Tradici\u00f3 arrossera des de 1860 Des de 1860 cultivem tots els nostres arrossos en ple parc natural amb l&#8217;ajuda de cavalls perxerons de color bai, dels quals sorgeix el nom de la [&hellip;]\" \/>\n<meta property=\"og:url\" content=\"https:\/\/www.arrozbayo.es\/ca\/bayo-expert\/\" \/>\n<meta property=\"og:site_name\" content=\"Bayo\" \/>\n<meta property=\"article:modified_time\" content=\"2022-06-21T07:47:13+00:00\" \/>\n<meta property=\"og:image\" content=\"https:\/\/www.arrozbayo.es\/wp-content\/uploads\/2019\/12\/premium-arroz-carnaroli.png\" \/>\n<meta name=\"twitter:card\" content=\"summary_large_image\" \/>\n<meta name=\"twitter:label1\" content=\"Temps estimat de lectura\" \/>\n\t<meta name=\"twitter:data1\" content=\"3 minutes\" \/>\n<script type=\"application\/ld+json\" class=\"yoast-schema-graph\">{\"@context\":\"https:\/\/schema.org\",\"@graph\":[{\"@type\":\"WebPage\",\"@id\":\"https:\/\/www.arrozbayo.es\/ca\/bayo-expert\/\",\"url\":\"https:\/\/www.arrozbayo.es\/ca\/bayo-expert\/\",\"name\":\"BAYO EXPERT - Bayo\",\"isPartOf\":{\"@id\":\"https:\/\/www.arrozbayo.es\/#website\"},\"primaryImageOfPage\":{\"@id\":\"https:\/\/www.arrozbayo.es\/ca\/bayo-expert\/#primaryimage\"},\"image\":{\"@id\":\"https:\/\/www.arrozbayo.es\/ca\/bayo-expert\/#primaryimage\"},\"thumbnailUrl\":\"https:\/\/www.arrozbayo.es\/wp-content\/uploads\/2019\/12\/premium-arroz-carnaroli.png\",\"datePublished\":\"2019-12-05T08:29:53+00:00\",\"dateModified\":\"2022-06-21T07:47:13+00:00\",\"breadcrumb\":{\"@id\":\"https:\/\/www.arrozbayo.es\/ca\/bayo-expert\/#breadcrumb\"},\"inLanguage\":\"ca\",\"potentialAction\":[{\"@type\":\"ReadAction\",\"target\":[\"https:\/\/www.arrozbayo.es\/ca\/bayo-expert\/\"]}]},{\"@type\":\"ImageObject\",\"inLanguage\":\"ca\",\"@id\":\"https:\/\/www.arrozbayo.es\/ca\/bayo-expert\/#primaryimage\",\"url\":\"https:\/\/www.arrozbayo.es\/wp-content\/uploads\/2019\/12\/premium-arroz-carnaroli.png\",\"contentUrl\":\"https:\/\/www.arrozbayo.es\/wp-content\/uploads\/2019\/12\/premium-arroz-carnaroli.png\"},{\"@type\":\"BreadcrumbList\",\"@id\":\"https:\/\/www.arrozbayo.es\/ca\/bayo-expert\/#breadcrumb\",\"itemListElement\":[{\"@type\":\"ListItem\",\"position\":1,\"name\":\"Portada\",\"item\":\"https:\/\/www.arrozbayo.es\/ca\/\"},{\"@type\":\"ListItem\",\"position\":2,\"name\":\"BAYO EXPERT\"}]},{\"@type\":\"WebSite\",\"@id\":\"https:\/\/www.arrozbayo.es\/#website\",\"url\":\"https:\/\/www.arrozbayo.es\/\",\"name\":\"Bayo\",\"description\":\"L\u2019arr\u00f2s d\u2019hostaleria per excel\u00b7l\u00e8ncia\",\"potentialAction\":[{\"@type\":\"SearchAction\",\"target\":{\"@type\":\"EntryPoint\",\"urlTemplate\":\"https:\/\/www.arrozbayo.es\/?s={search_term_string}\"},\"query-input\":{\"@type\":\"PropertyValueSpecification\",\"valueRequired\":true,\"valueName\":\"search_term_string\"}}],\"inLanguage\":\"ca\"}]}<\/script>\n<!-- \/ Yoast SEO plugin. -->","yoast_head_json":{"title":"BAYO EXPERT - Bayo","robots":{"index":"index","follow":"follow","max-snippet":"max-snippet:-1","max-image-preview":"max-image-preview:large","max-video-preview":"max-video-preview:-1"},"canonical":"https:\/\/www.arrozbayo.es\/ca\/bayo-expert\/","og_locale":"ca_ES","og_type":"article","og_title":"BAYO EXPERT - Bayo","og_description":"[et_pb_section fb_built=&#8221;1&#8243; admin_label=&#8221;Section 1&#8243; _builder_version=&#8221;4.0.3&#8243; background_enable_color=&#8221;off&#8221; background_image=&#8221;https:\/\/www.arrozbayo.es\/wp-content\/uploads\/2019\/12\/section-inicio-plato.png&#8221;][et_pb_row admin_label=&#8221;row&#8221; _builder_version=&#8221;4.0.3&#8243; background_size=&#8221;initial&#8221; background_position=&#8221;top_left&#8221; background_repeat=&#8221;repeat&#8221; max_width=&#8221;925px&#8221; module_alignment=&#8221;center&#8221;][et_pb_column type=&#8221;4_4&#8243; _builder_version=&#8221;3.25&#8243; custom_padding=&#8221;|||&#8221; custom_padding__hover=&#8221;|||&#8221;][et_pb_text admin_label=&#8221;BAYO EXPERT&#8221; _builder_version=&#8221;4.0.3&#8243;] BAYO EXPERT Tradici\u00f3 arrossera des de 1860 Des de 1860 cultivem tots els nostres arrossos en ple parc natural amb l&#8217;ajuda de cavalls perxerons de color bai, dels quals sorgeix el nom de la [&hellip;]","og_url":"https:\/\/www.arrozbayo.es\/ca\/bayo-expert\/","og_site_name":"Bayo","article_modified_time":"2022-06-21T07:47:13+00:00","og_image":[{"url":"https:\/\/www.arrozbayo.es\/wp-content\/uploads\/2019\/12\/premium-arroz-carnaroli.png","type":"","width":"","height":""}],"twitter_card":"summary_large_image","twitter_misc":{"Temps estimat de lectura":"3 minutes"},"schema":{"@context":"https:\/\/schema.org","@graph":[{"@type":"WebPage","@id":"https:\/\/www.arrozbayo.es\/ca\/bayo-expert\/","url":"https:\/\/www.arrozbayo.es\/ca\/bayo-expert\/","name":"BAYO EXPERT - Bayo","isPartOf":{"@id":"https:\/\/www.arrozbayo.es\/#website"},"primaryImageOfPage":{"@id":"https:\/\/www.arrozbayo.es\/ca\/bayo-expert\/#primaryimage"},"image":{"@id":"https:\/\/www.arrozbayo.es\/ca\/bayo-expert\/#primaryimage"},"thumbnailUrl":"https:\/\/www.arrozbayo.es\/wp-content\/uploads\/2019\/12\/premium-arroz-carnaroli.png","datePublished":"2019-12-05T08:29:53+00:00","dateModified":"2022-06-21T07:47:13+00:00","breadcrumb":{"@id":"https:\/\/www.arrozbayo.es\/ca\/bayo-expert\/#breadcrumb"},"inLanguage":"ca","potentialAction":[{"@type":"ReadAction","target":["https:\/\/www.arrozbayo.es\/ca\/bayo-expert\/"]}]},{"@type":"ImageObject","inLanguage":"ca","@id":"https:\/\/www.arrozbayo.es\/ca\/bayo-expert\/#primaryimage","url":"https:\/\/www.arrozbayo.es\/wp-content\/uploads\/2019\/12\/premium-arroz-carnaroli.png","contentUrl":"https:\/\/www.arrozbayo.es\/wp-content\/uploads\/2019\/12\/premium-arroz-carnaroli.png"},{"@type":"BreadcrumbList","@id":"https:\/\/www.arrozbayo.es\/ca\/bayo-expert\/#breadcrumb","itemListElement":[{"@type":"ListItem","position":1,"name":"Portada","item":"https:\/\/www.arrozbayo.es\/ca\/"},{"@type":"ListItem","position":2,"name":"BAYO EXPERT"}]},{"@type":"WebSite","@id":"https:\/\/www.arrozbayo.es\/#website","url":"https:\/\/www.arrozbayo.es\/","name":"Bayo","description":"L\u2019arr\u00f2s d\u2019hostaleria per excel\u00b7l\u00e8ncia","potentialAction":[{"@type":"SearchAction","target":{"@type":"EntryPoint","urlTemplate":"https:\/\/www.arrozbayo.es\/?s={search_term_string}"},"query-input":{"@type":"PropertyValueSpecification","valueRequired":true,"valueName":"search_term_string"}}],"inLanguage":"ca"}]}},"_links":{"self":[{"href":"https:\/\/www.arrozbayo.es\/ca\/wp-json\/wp\/v2\/pages\/1655"}],"collection":[{"href":"https:\/\/www.arrozbayo.es\/ca\/wp-json\/wp\/v2\/pages"}],"about":[{"href":"https:\/\/www.arrozbayo.es\/ca\/wp-json\/wp\/v2\/types\/page"}],"author":[{"embeddable":true,"href":"https:\/\/www.arrozbayo.es\/ca\/wp-json\/wp\/v2\/users\/3"}],"replies":[{"embeddable":true,"href":"https:\/\/www.arrozbayo.es\/ca\/wp-json\/wp\/v2\/comments?post=1655"}],"version-history":[{"count":8,"href":"https:\/\/www.arrozbayo.es\/ca\/wp-json\/wp\/v2\/pages\/1655\/revisions"}],"predecessor-version":[{"id":1712,"href":"https:\/\/www.arrozbayo.es\/ca\/wp-json\/wp\/v2\/pages\/1655\/revisions\/1712"}],"wp:attachment":[{"href":"https:\/\/www.arrozbayo.es\/ca\/wp-json\/wp\/v2\/media?parent=1655"}],"curies":[{"name":"wp","href":"https:\/\/api.w.org\/{rel}","templated":true}]}}