{"id":244,"date":"2018-11-13T20:35:43","date_gmt":"2018-11-13T20:35:43","guid":{"rendered":"https:\/\/www.arrozbayo.es\/?page_id=244"},"modified":"2024-03-05T16:24:07","modified_gmt":"2024-03-05T15:24:07","slug":"arros-rodo","status":"publish","type":"page","link":"https:\/\/www.arrozbayo.es\/ca\/els-nostres-arrossos\/arros-rodo\/","title":{"rendered":"Arr\u00f2s rod\u00f3"},"content":{"rendered":"<p>[et_pb_section fb_built=&#8221;1&#8243; custom_padding_last_edited=&#8221;on|phone&#8221; _builder_version=&#8221;3.22&#8243; custom_padding=&#8221;68px|0px|2px|0px|false|false&#8221; custom_padding_tablet=&#8221;58px||&#8221; custom_padding_phone=&#8221;30px||&#8221;][et_pb_row column_structure=&#8221;2_5,3_5&#8243; _builder_version=&#8221;3.25&#8243;][et_pb_column type=&#8221;2_5&#8243; _builder_version=&#8221;3.25&#8243; custom_padding=&#8221;|||&#8221; custom_padding__hover=&#8221;|||&#8221;][et_pb_image src=&#8221;https:\/\/www.arrozbayo.es\/wp-content\/uploads\/2018\/11\/Arroz-Bayo-COMPO-Redondo.jpg&#8221; alt=&#8221;Arr\u00f2s red\u00f3&#8221; align_tablet=&#8221;center&#8221; align_phone=&#8221;&#8221; align_last_edited=&#8221;on|desktop&#8221; _builder_version=&#8221;3.23&#8243; custom_margin=&#8221;-40px||&#8221;][\/et_pb_image][\/et_pb_column][et_pb_column type=&#8221;3_5&#8243; module_class=&#8221;arros&#8221; _builder_version=&#8221;3.25&#8243; custom_padding=&#8221;|||3.2%&#8221; custom_padding_tablet=&#8221;|||0%&#8221; custom_padding_phone=&#8221;&#8221; custom_padding_last_edited=&#8221;on|tablet&#8221; custom_padding__hover=&#8221;|||&#8221;][et_pb_text _builder_version=&#8221;3.27.4&#8243; header_font=&#8221;|700|||||||&#8221; header_font_size=&#8221;50px&#8221; max_width=&#8221;588px&#8221;]<\/p>\n<h1>Arr\u00f2s rod\u00f3<br \/>\n<span class=\"titul-arros\">Ideal per a cuinar plats plens de sabor<\/span><\/h1>\n<p>L&#8217;arr\u00f2s rod\u00f3 de Bayo cont\u00e9 les varietats tipus badia, cultivades al delta de l&#8217;Ebre i reconegudes per la seua qualitat i sabor \u00fanic. \u00c9s un arr\u00f2s extra amb denominaci\u00f3 d&#8217;origen i posseeix la Q de qualitat aliment\u00e0ria.<\/p>\n<p>La seua caracter\u00edstica m\u00e9s destacada \u00e9s la gran capacitat d&#8217;absorci\u00f3 del sabor del brou i dels ingredients. La cocci\u00f3 \u00e9s homog\u00e8nia i facilita l&#8217;elaboraci\u00f3 de plats plens de sabor.<\/p>\n<p>[\/et_pb_text][et_pb_divider color=&#8221;#C2C2C2&#8243; _builder_version=&#8221;3.17.6&#8243; max_width=&#8221;588px&#8221; custom_margin=&#8221;0px||19px&#8221; custom_padding=&#8221;3px||0px&#8221;][\/et_pb_divider][et_pb_blurb title=&#8221;temps de cocci\u00f3&#8221; image=&#8221;https:\/\/www.arrozbayo.es\/wp-content\/uploads\/2018\/11\/olla.png&#8221; icon_placement=&#8221;left&#8221; _builder_version=&#8221;3.17.6&#8243; header_font=&#8221;|700||on|||||&#8221; custom_css_blurb_title=&#8221;padding-bottom: 0;&#8221; custom_css_blurb_content=&#8221;margin-left: 0;&#8221;]<\/p>\n<p>16 minuts per a arrossos caldosos i 18 minuts per a arrossos secs.<\/p>\n<p>[\/et_pb_blurb][et_pb_blurb title=&#8221;Formats&#8221; image=&#8221;https:\/\/www.arrozbayo.es\/wp-content\/uploads\/2018\/11\/sac.png&#8221; icon_placement=&#8221;left&#8221; _builder_version=&#8221;3.17.6&#8243; header_font=&#8221;|700||on|||||&#8221; custom_css_blurb_title=&#8221;padding-bottom: 0;&#8221; custom_css_blurb_content=&#8221;margin-left: 0;&#8221;]<\/p>\n<p>1 kg i 5 kg <\/p>\n<p>[\/et_pb_blurb][\/et_pb_column][\/et_pb_row][et_pb_row _builder_version=&#8221;3.25&#8243; custom_padding=&#8221;44px|0px|14px|0px|false|false&#8221;][et_pb_column type=&#8221;4_4&#8243; _builder_version=&#8221;3.25&#8243; custom_padding=&#8221;|||&#8221; custom_padding__hover=&#8221;|||&#8221;][et_pb_divider color=&#8221;#C2C2C2&#8243; _builder_version=&#8221;3.17.6&#8243;][\/et_pb_divider][\/et_pb_column][\/et_pb_row][\/et_pb_section][et_pb_section fb_built=&#8221;1&#8243; custom_padding_last_edited=&#8221;on|desktop&#8221; module_class=&#8221;arrossos&#8221; _builder_version=&#8221;3.22&#8243; custom_padding=&#8221;3px|0px|40px|0px|false|false&#8221; custom_padding_tablet=&#8221;3px|0px|0px|0px|false|false&#8221; custom_padding_phone=&#8221;&#8221;][et_pb_row _builder_version=&#8221;3.25&#8243;][et_pb_column type=&#8221;4_4&#8243; _builder_version=&#8221;3.25&#8243; custom_padding=&#8221;|||&#8221; custom_padding__hover=&#8221;|||&#8221;][et_pb_text _builder_version=&#8221;3.27.4&#8243; header_font=&#8221;||||||||&#8221; header_2_font=&#8221;|600|||||||&#8221; header_2_font_size=&#8221;40px&#8221;]<\/p>\n<h2>M\u00e9s arrossos Bayo<\/h2>\n<p>[\/et_pb_text][\/et_pb_column][\/et_pb_row][et_pb_row column_structure=&#8221;1_4,1_4,1_4,1_4&#8243; _builder_version=&#8221;3.25&#8243; custom_padding=&#8221;8px|0px|29px|0px|false|false&#8221;][et_pb_column type=&#8221;1_4&#8243; _builder_version=&#8221;3.25&#8243; custom_padding=&#8221;|||&#8221; custom_padding__hover=&#8221;|||&#8221;][et_pb_image src=&#8221;https:\/\/www.arrozbayo.es\/wp-content\/uploads\/2018\/11\/Arroz-Bayo-bolsa-1Kg-Integral-lateral.jpg&#8221; alt=&#8221;Arr\u00f2s integral&#8221; url=&#8221;https:\/\/www.arrozbayo.es\/ca\/els-nostres-arrossos\/arros-integral\/&#8221; align_tablet=&#8221;center&#8221; align_phone=&#8221;&#8221; align_last_edited=&#8221;on|desktop&#8221; _builder_version=&#8221;3.23&#8243; custom_margin=&#8221;||6%&#8221; custom_margin_tablet=&#8221;||3%&#8221; custom_margin_phone=&#8221;&#8221; custom_margin_last_edited=&#8221;on|desktop&#8221;][\/et_pb_image][et_pb_text _builder_version=&#8221;3.27.4&#8243; header_3_font=&#8221;|700||on|||||&#8221; header_3_text_align=&#8221;center&#8221; header_3_font_size=&#8221;18px&#8221; link_option_url=&#8221;https:\/\/www.arrozbayo.es\/ca\/els-nostres-arrossos\/arros-integral\/&#8221;]<\/p>\n<h3>Arr\u00f2s integral<\/h3>\n<p>[\/et_pb_text][\/et_pb_column][et_pb_column type=&#8221;1_4&#8243; _builder_version=&#8221;3.25&#8243; custom_padding=&#8221;|||&#8221; custom_padding__hover=&#8221;|||&#8221;][et_pb_image src=&#8221;https:\/\/www.arrozbayo.es\/wp-content\/uploads\/2018\/11\/Arroz-Bayo-COMPO-Largo.jpg&#8221; alt=&#8221;Arr\u00f2s llarg&#8221; url=&#8221;https:\/\/www.arrozbayo.es\/ca\/els-nostres-arrossos\/arros-llarg\/&#8221; align_tablet=&#8221;center&#8221; align_phone=&#8221;&#8221; align_last_edited=&#8221;on|desktop&#8221; _builder_version=&#8221;3.23&#8243; custom_margin=&#8221;||6%&#8221; custom_margin_tablet=&#8221;||3%&#8221; custom_margin_phone=&#8221;&#8221; custom_margin_last_edited=&#8221;on|tablet&#8221;][\/et_pb_image][et_pb_text _builder_version=&#8221;3.27.4&#8243; header_3_font=&#8221;|700||on|||||&#8221; header_3_text_align=&#8221;center&#8221; header_3_font_size=&#8221;18px&#8221; link_option_url=&#8221;https:\/\/www.arrozbayo.es\/ca\/els-nostres-arrossos\/arros-llarg\/&#8221;]<\/p>\n<h3>Arr\u00f2s llarg<\/h3>\n<p>[\/et_pb_text][\/et_pb_column][et_pb_column type=&#8221;1_4&#8243; _builder_version=&#8221;3.25&#8243; custom_padding=&#8221;|||&#8221; custom_padding__hover=&#8221;|||&#8221;][et_pb_image src=&#8221;https:\/\/www.arrozbayo.es\/wp-content\/uploads\/2018\/11\/Arroz-Bayo-COMPO-Vaporizado.jpg&#8221; alt=&#8221;Arr\u00f2s vaporitzat&#8221; url=&#8221;https:\/\/www.arrozbayo.es\/ca\/els-nostres-arrossos\/arros-vaporitzat\/&#8221; align_tablet=&#8221;center&#8221; align_phone=&#8221;&#8221; align_last_edited=&#8221;on|desktop&#8221; _builder_version=&#8221;3.23&#8243; custom_margin=&#8221;||6%&#8221; custom_margin_tablet=&#8221;||3%&#8221; custom_margin_phone=&#8221;&#8221; custom_margin_last_edited=&#8221;on|desktop&#8221;][\/et_pb_image][et_pb_text _builder_version=&#8221;3.27.4&#8243; header_3_font=&#8221;|700||on|||||&#8221; header_3_text_align=&#8221;center&#8221; header_3_font_size=&#8221;18px&#8221; link_option_url=&#8221;https:\/\/www.arrozbayo.es\/ca\/els-nostres-arrossos\/arros-vaporitzat\/&#8221;]<\/p>\n<h3>Arr\u00f2s vaporitzat<\/h3>\n<p>[\/et_pb_text][\/et_pb_column][et_pb_column type=&#8221;1_4&#8243; _builder_version=&#8221;3.25&#8243; custom_padding=&#8221;|||&#8221; custom_padding__hover=&#8221;|||&#8221;][et_pb_image src=&#8221;https:\/\/www.arrozbayo.es\/wp-content\/uploads\/2018\/11\/Arroz-Bayo-COMPO-Bomba.jpg&#8221; alt=&#8221;Arr\u00f2s bomba&#8221; url=&#8221;https:\/\/www.arrozbayo.es\/ca\/els-nostres-arrossos\/arros-bomba\/&#8221; align_tablet=&#8221;center&#8221; align_phone=&#8221;&#8221; align_last_edited=&#8221;on|desktop&#8221; _builder_version=&#8221;3.23&#8243; custom_margin=&#8221;||6%&#8221; custom_margin_tablet=&#8221;||3%&#8221; custom_margin_phone=&#8221;&#8221; custom_margin_last_edited=&#8221;on|desktop&#8221;][\/et_pb_image][et_pb_text _builder_version=&#8221;3.27.4&#8243; header_3_font=&#8221;|700||on|||||&#8221; header_3_text_align=&#8221;center&#8221; header_3_font_size=&#8221;18px&#8221; link_option_url=&#8221;https:\/\/www.arrozbayo.es\/ca\/els-nostres-arrossos\/arros-bomba\/&#8221;]<\/p>\n<h3>Arr\u00f2s bomba<\/h3>\n<p>[\/et_pb_text][\/et_pb_column][\/et_pb_row][et_pb_row column_structure=&#8221;1_4,1_4,1_4,1_4&#8243; _builder_version=&#8221;3.25&#8243;][et_pb_column type=&#8221;1_4&#8243; _builder_version=&#8221;3.25&#8243; custom_padding=&#8221;|||&#8221; custom_padding__hover=&#8221;|||&#8221;][et_pb_image src=&#8221;https:\/\/www.arrozbayo.es\/wp-content\/uploads\/2018\/11\/Arroz-Bayo-Salvaje-lateral.jpg&#8221; alt=&#8221;Arr\u00f2s salvatge&#8221; url=&#8221;https:\/\/www.arrozbayo.es\/ca\/els-nostres-arrossos\/arros-salvatge\/&#8221; align_tablet=&#8221;center&#8221; align_phone=&#8221;&#8221; align_last_edited=&#8221;on|desktop&#8221; _builder_version=&#8221;3.23&#8243; custom_margin=&#8221;||6%&#8221; custom_margin_tablet=&#8221;||3%&#8221; custom_margin_phone=&#8221;&#8221; custom_margin_last_edited=&#8221;on|desktop&#8221;][\/et_pb_image][et_pb_text _builder_version=&#8221;3.27.4&#8243; header_3_font=&#8221;|700||on|||||&#8221; header_3_text_align=&#8221;center&#8221; header_3_font_size=&#8221;18px&#8221; link_option_url=&#8221;https:\/\/www.arrozbayo.es\/ca\/els-nostres-arrossos\/arros-salvatge\/&#8221;]<\/p>\n<h3>Arr\u00f2s salvatge<\/h3>\n<p>[\/et_pb_text][\/et_pb_column][et_pb_column type=&#8221;1_4&#8243; _builder_version=&#8221;3.25&#8243; custom_padding=&#8221;|||&#8221; custom_padding__hover=&#8221;|||&#8221;][et_pb_image src=&#8221;https:\/\/www.arrozbayo.es\/wp-content\/uploads\/2024\/03\/arroz-bayo-sushi-compo-1kg-5kg.png&#8221; alt=&#8221;Arroz Bayo Sushi&#8221; title_text=&#8221;Arroz Bayo Sushi&#8221; url=&#8221;https:\/\/www.arrozbayo.es\/ca\/els-nostres-arrossos\/arros-sushi\/&#8221; align_tablet=&#8221;center&#8221; align_phone=&#8221;&#8221; align_last_edited=&#8221;on|desktop&#8221; _builder_version=&#8221;4.9.7&#8243; custom_margin=&#8221;||6%&#8221; custom_margin_tablet=&#8221;||3%&#8221; custom_margin_phone=&#8221;&#8221; custom_margin_last_edited=&#8221;on|tablet&#8221; filter_opacity__hover_enabled=&#8221;on&#8221; filter_opacity__hover=&#8221;60%&#8221; locked=&#8221;off&#8221;]<\/p>\n<p>[\/et_pb_image][et_pb_text _builder_version=&#8221;3.27.4&#8243; header_3_font=&#8221;|700||on|||||&#8221; header_3_text_align=&#8221;center&#8221; header_3_font_size=&#8221;18px&#8221; link_option_url=&#8221;https:\/\/www.arrozbayo.es\/ca\/els-nostres-arrossos\/arros-sushi\/&#8221;]<\/p>\n<h3>Arr\u00f2s sushi<\/h3>\n<p>[\/et_pb_text][\/et_pb_column][et_pb_column type=&#8221;1_4&#8243; _builder_version=&#8221;3.25&#8243; custom_padding=&#8221;|||&#8221; custom_padding__hover=&#8221;|||&#8221;][et_pb_image src=&#8221;https:\/\/www.arrozbayo.es\/wp-content\/uploads\/2018\/11\/arroz-bayo-basmati-compo-1kg-5kg.jpg&#8221; alt=&#8221;Arr\u00f2s basmati&#8221; url=&#8221;https:\/\/www.arrozbayo.es\/ca\/els-nostres-arrossos\/arros-basmati\/&#8221; align_tablet=&#8221;center&#8221; align_phone=&#8221;&#8221; align_last_edited=&#8221;on|desktop&#8221; _builder_version=&#8221;3.23&#8243; custom_margin=&#8221;||6%&#8221; custom_margin_tablet=&#8221;||3%&#8221; custom_margin_phone=&#8221;&#8221; custom_margin_last_edited=&#8221;on|desktop&#8221;][\/et_pb_image][et_pb_text _builder_version=&#8221;3.27.4&#8243; header_3_font=&#8221;|700||on|||||&#8221; header_3_text_align=&#8221;center&#8221; header_3_font_size=&#8221;18px&#8221; link_option_url=&#8221;https:\/\/www.arrozbayo.es\/ca\/els-nostres-arrossos\/arros-basmati\/&#8221;]<\/p>\n<h3>Arr\u00f2s basmati<\/h3>\n<p>[\/et_pb_text][\/et_pb_column][et_pb_column type=&#8221;1_4&#8243; _builder_version=&#8221;3.25&#8243; custom_padding=&#8221;|||&#8221; custom_padding__hover=&#8221;|||&#8221;][et_pb_image src=&#8221;https:\/\/www.arrozbayo.es\/wp-content\/uploads\/2018\/11\/Arroz-Bayo-Ecol\u00a6gico-lateral.jpg&#8221; alt=&#8221;Arr\u00f2s ecol\u00f2gic&#8221; url=&#8221;https:\/\/www.arrozbayo.es\/ca\/els-nostres-arrossos\/arros-ecologic\/&#8221; align_tablet=&#8221;center&#8221; align_phone=&#8221;&#8221; align_last_edited=&#8221;on|desktop&#8221; _builder_version=&#8221;3.23&#8243; custom_margin=&#8221;||6%&#8221; custom_margin_tablet=&#8221;||3%&#8221; custom_margin_phone=&#8221;&#8221; custom_margin_last_edited=&#8221;on|desktop&#8221;][\/et_pb_image][et_pb_text _builder_version=&#8221;3.27.4&#8243; header_3_font=&#8221;|700||on|||||&#8221; header_3_text_align=&#8221;center&#8221; header_3_font_size=&#8221;18px&#8221; link_option_url=&#8221;https:\/\/www.arrozbayo.es\/ca\/els-nostres-arrossos\/arros-ecologic\/&#8221;]<\/p>\n<h3>Arr\u00f2s ecol\u00f2gic<\/h3>\n<p>[\/et_pb_text][\/et_pb_column][\/et_pb_row][et_pb_row column_structure=&#8221;1_4,1_4,1_4,1_4&#8243; _builder_version=&#8221;3.25&#8243;][et_pb_column type=&#8221;1_4&#8243; _builder_version=&#8221;3.25&#8243; custom_padding=&#8221;|||&#8221; custom_padding__hover=&#8221;|||&#8221;][et_pb_image src=&#8221;https:\/\/www.arrozbayo.es\/wp-content\/uploads\/2018\/11\/Arroz-Bayo-Thai-Jazmin-lateral.jpg&#8221; alt=&#8221;Arr\u00f2s thai-gessam\u00ed&#8221; url=&#8221;https:\/\/www.arrozbayo.es\/ca\/els-nostres-arrossos\/arros-thai-gessami\/&#8221; align_tablet=&#8221;center&#8221; align_phone=&#8221;&#8221; align_last_edited=&#8221;on|desktop&#8221; _builder_version=&#8221;3.23&#8243; custom_margin=&#8221;||6%&#8221; custom_margin_tablet=&#8221;||3%&#8221; custom_margin_phone=&#8221;&#8221; custom_margin_last_edited=&#8221;on|desktop&#8221;][\/et_pb_image][et_pb_text _builder_version=&#8221;3.27.4&#8243; header_3_font=&#8221;|700||on|||||&#8221; header_3_text_align=&#8221;center&#8221; header_3_font_size=&#8221;18px&#8221; link_option_url=&#8221;https:\/\/www.arrozbayo.es\/ca\/els-nostres-arrossos\/arros-thai-gessami\/&#8221;]<\/p>\n<h3>Arr\u00f2s thai-gessam\u00ed<\/h3>\n<p>[\/et_pb_text][\/et_pb_column][et_pb_column type=&#8221;1_4&#8243; _builder_version=&#8221;3.25&#8243; custom_padding=&#8221;|||&#8221; custom_padding__hover=&#8221;|||&#8221;][et_pb_image src=&#8221;https:\/\/www.arrozbayo.es\/wp-content\/uploads\/2018\/11\/Arroz-Bayo-Risotto-lateral.jpg&#8221; alt=&#8221;Arr\u00f2s especial risotto&#8221; url=&#8221;https:\/\/www.arrozbayo.es\/ca\/els-nostres-arrossos\/arros-especial-risotto\/&#8221; align_tablet=&#8221;center&#8221; align_phone=&#8221;&#8221; align_last_edited=&#8221;on|desktop&#8221; _builder_version=&#8221;3.23&#8243; custom_margin=&#8221;||6%&#8221; custom_margin_tablet=&#8221;||3%&#8221; custom_margin_phone=&#8221;&#8221; custom_margin_last_edited=&#8221;on|desktop&#8221;][\/et_pb_image][et_pb_text _builder_version=&#8221;3.27.4&#8243; header_3_font=&#8221;|700||on|||||&#8221; header_3_text_align=&#8221;center&#8221; header_3_font_size=&#8221;18px&#8221; link_option_url=&#8221;https:\/\/www.arrozbayo.es\/ca\/els-nostres-arrossos\/arros-especial-risotto\/&#8221;]<\/p>\n<h3>Arr\u00f2s especial risotto<\/h3>\n<p>[\/et_pb_text][\/et_pb_column][et_pb_column type=&#8221;1_4&#8243; _builder_version=&#8221;3.25&#8243; custom_padding=&#8221;|||&#8221; custom_padding__hover=&#8221;|||&#8221;][et_pb_image src=&#8221;https:\/\/www.arrozbayo.es\/wp-content\/uploads\/2024\/03\/arroz-bayo-supreme-compo-1kg-5kg.png&#8221; alt=&#8221;Arroz redondo Supreme Bayo&#8221; title_text=&#8221;Arroz redondo Supreme Bayo&#8221; url=&#8221;@ET-DC@eyJkeW5hbWljIjp0cnVlLCJjb250ZW50IjoicG9zdF9saW5rX3VybF9wYWdlIiwic2V0dGluZ3MiOnsicG9zdF9pZCI6IjI2ODUifX0=@&#8221; align_tablet=&#8221;center&#8221; align_phone=&#8221;&#8221; align_last_edited=&#8221;on|desktop&#8221; _builder_version=&#8221;4.9.7&#8243; _dynamic_attributes=&#8221;url&#8221; custom_margin=&#8221;||6%&#8221; custom_margin_tablet=&#8221;||3%&#8221; custom_margin_phone=&#8221;&#8221; custom_margin_last_edited=&#8221;on|desktop&#8221; filter_opacity__hover_enabled=&#8221;on&#8221; filter_opacity__hover=&#8221;60%&#8221; locked=&#8221;off&#8221;]<\/p>\n<p>[\/et_pb_image][et_pb_text _builder_version=&#8221;4.9.7&#8243; _dynamic_attributes=&#8221;link_option_url&#8221; header_3_font=&#8221;|700||on|||||&#8221; header_3_text_align=&#8221;center&#8221; header_3_font_size=&#8221;18px&#8221; link_option_url=&#8221;@ET-DC@eyJkeW5hbWljIjp0cnVlLCJjb250ZW50IjoicG9zdF9saW5rX3VybF9wYWdlIiwic2V0dGluZ3MiOnsicG9zdF9pZCI6IjI2ODUifX0=@&#8221; locked=&#8221;off&#8221;]<\/p>\n<h3>Arr\u00f2s rod\u00f3 Supreme<\/h3>\n<p>[\/et_pb_text][\/et_pb_column][et_pb_column type=&#8221;1_4&#8243; _builder_version=&#8221;3.25&#8243; custom_padding=&#8221;|||&#8221; custom_padding__hover=&#8221;|||&#8221;][\/et_pb_column][\/et_pb_row][\/et_pb_section]<\/p>\n","protected":false},"excerpt":{"rendered":"<p>[et_pb_section fb_built=&#8221;1&#8243; custom_padding_last_edited=&#8221;on|phone&#8221; _builder_version=&#8221;3.22&#8243; custom_padding=&#8221;68px|0px|2px|0px|false|false&#8221; custom_padding_tablet=&#8221;58px||&#8221; custom_padding_phone=&#8221;30px||&#8221;][et_pb_row column_structure=&#8221;2_5,3_5&#8243; _builder_version=&#8221;3.25&#8243;][et_pb_column type=&#8221;2_5&#8243; _builder_version=&#8221;3.25&#8243; custom_padding=&#8221;|||&#8221; custom_padding__hover=&#8221;|||&#8221;][et_pb_image src=&#8221;https:\/\/www.arrozbayo.es\/wp-content\/uploads\/2018\/11\/Arroz-Bayo-COMPO-Redondo.jpg&#8221; alt=&#8221;Arr\u00f2s red\u00f3&#8221; align_tablet=&#8221;center&#8221; align_phone=&#8221;&#8221; align_last_edited=&#8221;on|desktop&#8221; _builder_version=&#8221;3.23&#8243; custom_margin=&#8221;-40px||&#8221;][\/et_pb_image][\/et_pb_column][et_pb_column type=&#8221;3_5&#8243; module_class=&#8221;arros&#8221; _builder_version=&#8221;3.25&#8243; custom_padding=&#8221;|||3.2%&#8221; custom_padding_tablet=&#8221;|||0%&#8221; custom_padding_phone=&#8221;&#8221; custom_padding_last_edited=&#8221;on|tablet&#8221; custom_padding__hover=&#8221;|||&#8221;][et_pb_text _builder_version=&#8221;3.27.4&#8243; header_font=&#8221;|700|||||||&#8221; header_font_size=&#8221;50px&#8221; max_width=&#8221;588px&#8221;] Arr\u00f2s rod\u00f3 Ideal per a cuinar plats plens de sabor L&#8217;arr\u00f2s rod\u00f3 de Bayo cont\u00e9 les varietats tipus badia, cultivades al delta [&hellip;]<\/p>\n","protected":false},"author":3,"featured_media":0,"parent":33,"menu_order":0,"comment_status":"closed","ping_status":"closed","template":"","meta":{"_et_pb_use_builder":"on","_et_pb_old_content":"","_et_gb_content_width":"","footnotes":""},"class_list":["post-244","page","type-page","status-publish","hentry"],"yoast_head":"<!-- This site is optimized with the Yoast SEO plugin v25.6 - https:\/\/yoast.com\/wordpress\/plugins\/seo\/ -->\n<title>Arr\u00f2s rod\u00f3 | Ideal per a cuinar plats plens de sabor | Arrossos Bayo<\/title>\n<meta name=\"description\" content=\"Reconegut per la seva qualitat i sabor \u00fanic, l&#039;arr\u00f2s rod\u00f3 Bayo extra es cultivat al delta de l&#039;Ebre essent ideal per elaborar plats saborosos\" \/>\n<meta name=\"robots\" content=\"index, follow, max-snippet:-1, max-image-preview:large, max-video-preview:-1\" \/>\n<link rel=\"canonical\" href=\"https:\/\/www.arrozbayo.es\/ca\/els-nostres-arrossos\/arros-rodo\/\" \/>\n<meta property=\"og:locale\" content=\"ca_ES\" \/>\n<meta property=\"og:type\" content=\"article\" \/>\n<meta property=\"og:title\" content=\"Arr\u00f2s rod\u00f3 | Ideal per a cuinar plats plens de sabor | Arrossos Bayo\" \/>\n<meta property=\"og:description\" content=\"Reconegut per la seva qualitat i sabor \u00fanic, l&#039;arr\u00f2s rod\u00f3 Bayo extra es cultivat al delta de l&#039;Ebre essent ideal per elaborar plats saborosos\" \/>\n<meta property=\"og:url\" content=\"https:\/\/www.arrozbayo.es\/ca\/els-nostres-arrossos\/arros-rodo\/\" \/>\n<meta property=\"og:site_name\" content=\"Bayo\" \/>\n<meta property=\"article:modified_time\" content=\"2024-03-05T15:24:07+00:00\" \/>\n<meta name=\"twitter:card\" content=\"summary_large_image\" \/>\n<meta name=\"twitter:label1\" content=\"Temps estimat de lectura\" \/>\n\t<meta name=\"twitter:data1\" content=\"8 minutes\" \/>\n<script type=\"application\/ld+json\" class=\"yoast-schema-graph\">{\"@context\":\"https:\/\/schema.org\",\"@graph\":[{\"@type\":\"WebPage\",\"@id\":\"https:\/\/www.arrozbayo.es\/ca\/els-nostres-arrossos\/arros-rodo\/\",\"url\":\"https:\/\/www.arrozbayo.es\/ca\/els-nostres-arrossos\/arros-rodo\/\",\"name\":\"Arr\u00f2s rod\u00f3 | Ideal per a cuinar plats plens de sabor | Arrossos Bayo\",\"isPartOf\":{\"@id\":\"https:\/\/www.arrozbayo.es\/#website\"},\"datePublished\":\"2018-11-13T20:35:43+00:00\",\"dateModified\":\"2024-03-05T15:24:07+00:00\",\"description\":\"Reconegut per la seva qualitat i sabor \u00fanic, l'arr\u00f2s rod\u00f3 Bayo extra es cultivat al delta de l'Ebre essent ideal per elaborar plats saborosos\",\"breadcrumb\":{\"@id\":\"https:\/\/www.arrozbayo.es\/ca\/els-nostres-arrossos\/arros-rodo\/#breadcrumb\"},\"inLanguage\":\"ca\",\"potentialAction\":[{\"@type\":\"ReadAction\",\"target\":[\"https:\/\/www.arrozbayo.es\/ca\/els-nostres-arrossos\/arros-rodo\/\"]}]},{\"@type\":\"BreadcrumbList\",\"@id\":\"https:\/\/www.arrozbayo.es\/ca\/els-nostres-arrossos\/arros-rodo\/#breadcrumb\",\"itemListElement\":[{\"@type\":\"ListItem\",\"position\":1,\"name\":\"Portada\",\"item\":\"https:\/\/www.arrozbayo.es\/ca\/\"},{\"@type\":\"ListItem\",\"position\":2,\"name\":\"Els nostres arrossos\",\"item\":\"https:\/\/www.arrozbayo.es\/ca\/els-nostres-arrossos\/\"},{\"@type\":\"ListItem\",\"position\":3,\"name\":\"Arr\u00f2s rod\u00f3\"}]},{\"@type\":\"WebSite\",\"@id\":\"https:\/\/www.arrozbayo.es\/#website\",\"url\":\"https:\/\/www.arrozbayo.es\/\",\"name\":\"Bayo\",\"description\":\"L\u2019arr\u00f2s d\u2019hostaleria per excel\u00b7l\u00e8ncia\",\"potentialAction\":[{\"@type\":\"SearchAction\",\"target\":{\"@type\":\"EntryPoint\",\"urlTemplate\":\"https:\/\/www.arrozbayo.es\/?s={search_term_string}\"},\"query-input\":{\"@type\":\"PropertyValueSpecification\",\"valueRequired\":true,\"valueName\":\"search_term_string\"}}],\"inLanguage\":\"ca\"}]}<\/script>\n<!-- \/ Yoast SEO plugin. -->","yoast_head_json":{"title":"Arr\u00f2s rod\u00f3 | Ideal per a cuinar plats plens de sabor | Arrossos Bayo","description":"Reconegut per la seva qualitat i sabor \u00fanic, l'arr\u00f2s rod\u00f3 Bayo extra es cultivat al delta de l'Ebre essent ideal per elaborar plats saborosos","robots":{"index":"index","follow":"follow","max-snippet":"max-snippet:-1","max-image-preview":"max-image-preview:large","max-video-preview":"max-video-preview:-1"},"canonical":"https:\/\/www.arrozbayo.es\/ca\/els-nostres-arrossos\/arros-rodo\/","og_locale":"ca_ES","og_type":"article","og_title":"Arr\u00f2s rod\u00f3 | Ideal per a cuinar plats plens de sabor | Arrossos Bayo","og_description":"Reconegut per la seva qualitat i sabor \u00fanic, l'arr\u00f2s rod\u00f3 Bayo extra es cultivat al delta de l'Ebre essent ideal per elaborar plats saborosos","og_url":"https:\/\/www.arrozbayo.es\/ca\/els-nostres-arrossos\/arros-rodo\/","og_site_name":"Bayo","article_modified_time":"2024-03-05T15:24:07+00:00","twitter_card":"summary_large_image","twitter_misc":{"Temps estimat de lectura":"8 minutes"},"schema":{"@context":"https:\/\/schema.org","@graph":[{"@type":"WebPage","@id":"https:\/\/www.arrozbayo.es\/ca\/els-nostres-arrossos\/arros-rodo\/","url":"https:\/\/www.arrozbayo.es\/ca\/els-nostres-arrossos\/arros-rodo\/","name":"Arr\u00f2s rod\u00f3 | Ideal per a cuinar plats plens de sabor | Arrossos Bayo","isPartOf":{"@id":"https:\/\/www.arrozbayo.es\/#website"},"datePublished":"2018-11-13T20:35:43+00:00","dateModified":"2024-03-05T15:24:07+00:00","description":"Reconegut per la seva qualitat i sabor \u00fanic, l'arr\u00f2s rod\u00f3 Bayo extra es cultivat al delta de l'Ebre essent ideal per elaborar plats saborosos","breadcrumb":{"@id":"https:\/\/www.arrozbayo.es\/ca\/els-nostres-arrossos\/arros-rodo\/#breadcrumb"},"inLanguage":"ca","potentialAction":[{"@type":"ReadAction","target":["https:\/\/www.arrozbayo.es\/ca\/els-nostres-arrossos\/arros-rodo\/"]}]},{"@type":"BreadcrumbList","@id":"https:\/\/www.arrozbayo.es\/ca\/els-nostres-arrossos\/arros-rodo\/#breadcrumb","itemListElement":[{"@type":"ListItem","position":1,"name":"Portada","item":"https:\/\/www.arrozbayo.es\/ca\/"},{"@type":"ListItem","position":2,"name":"Els nostres arrossos","item":"https:\/\/www.arrozbayo.es\/ca\/els-nostres-arrossos\/"},{"@type":"ListItem","position":3,"name":"Arr\u00f2s rod\u00f3"}]},{"@type":"WebSite","@id":"https:\/\/www.arrozbayo.es\/#website","url":"https:\/\/www.arrozbayo.es\/","name":"Bayo","description":"L\u2019arr\u00f2s d\u2019hostaleria per excel\u00b7l\u00e8ncia","potentialAction":[{"@type":"SearchAction","target":{"@type":"EntryPoint","urlTemplate":"https:\/\/www.arrozbayo.es\/?s={search_term_string}"},"query-input":{"@type":"PropertyValueSpecification","valueRequired":true,"valueName":"search_term_string"}}],"inLanguage":"ca"}]}},"_links":{"self":[{"href":"https:\/\/www.arrozbayo.es\/ca\/wp-json\/wp\/v2\/pages\/244"}],"collection":[{"href":"https:\/\/www.arrozbayo.es\/ca\/wp-json\/wp\/v2\/pages"}],"about":[{"href":"https:\/\/www.arrozbayo.es\/ca\/wp-json\/wp\/v2\/types\/page"}],"author":[{"embeddable":true,"href":"https:\/\/www.arrozbayo.es\/ca\/wp-json\/wp\/v2\/users\/3"}],"replies":[{"embeddable":true,"href":"https:\/\/www.arrozbayo.es\/ca\/wp-json\/wp\/v2\/comments?post=244"}],"version-history":[{"count":4,"href":"https:\/\/www.arrozbayo.es\/ca\/wp-json\/wp\/v2\/pages\/244\/revisions"}],"predecessor-version":[{"id":2736,"href":"https:\/\/www.arrozbayo.es\/ca\/wp-json\/wp\/v2\/pages\/244\/revisions\/2736"}],"up":[{"embeddable":true,"href":"https:\/\/www.arrozbayo.es\/ca\/wp-json\/wp\/v2\/pages\/33"}],"wp:attachment":[{"href":"https:\/\/www.arrozbayo.es\/ca\/wp-json\/wp\/v2\/media?parent=244"}],"curies":[{"name":"wp","href":"https:\/\/api.w.org\/{rel}","templated":true}]}}