{"id":368,"date":"2018-11-14T16:09:28","date_gmt":"2018-11-14T16:09:28","guid":{"rendered":"https:\/\/www.arrozbayo.es\/?page_id=368"},"modified":"2019-08-02T08:40:38","modified_gmt":"2019-08-02T07:40:38","slug":"nota-legal","status":"publish","type":"page","link":"https:\/\/www.arrozbayo.es\/ca\/nota-legal\/","title":{"rendered":"Nota legal"},"content":{"rendered":"<h2>LLEI DELS SERVEIS DE LA SOCIETAT DE LA INFORMACI\u00d3 (LSSI)<\/h2>\n<p>NOMEN FOODS SL, responsable del lloc web, d&#8217;ara endavant RESPONSABLE, posa a disposici\u00f3 dels<br \/>\nusuaris el present document, amb el qual pret\u00e9n donar compliment a les obligacions disposades en la<br \/>\nLlei 34\/2002, de 11 de juliol, de Serveis de la Societat de la Informaci\u00f3 i de Comer\u00e7 Electr\u00f2nic<br \/>\n(LSSICE), BOE No 166, aix\u00ed com informar a tots els usuaris del lloc web respecte a quines s\u00f3n les<br \/>\ncondicions d&#8217;\u00fas.<br \/>\nTota persona que accedeixi a aquest lloc web assumeix el paper d&#8217;usuari, comprometent-se a<br \/>\nl&#8217;observan\u00e7a i compliment rigor\u00f3s de les disposicions aqu\u00ed disposades, aix\u00ed com a qualsevol altra<br \/>\ndisposici\u00f3 legal que fora d&#8217;aplicaci\u00f3.<br \/>\nNOMEN FOODS SL es reserva el dret de modificar qualsevol tipus d&#8217;informaci\u00f3 que pogu\u00e9s apar\u00e8ixer<br \/>\nal lloc web, sense que hi hagi obligaci\u00f3 de preavisar o posar en coneixement dels usuaris aquestes<br \/>\nobligacions, entenent-se com suficient amb la publicaci\u00f3 al lloc web de NOMEN FOODS SL.<\/p>\n<h3>1. DADES IDENTIFICATIVES<\/h3>\n<p>Nom de domini: www.nomen.es<br \/>\nNom comercial: NOMEN<br \/>\nDenominaci\u00f3 social: NOMEN FOODS SL<br \/>\nNIF: B55717359<br \/>\nDomicili social: CTRA. CAMARLES-DELTEBRE, KM, 6,5 &#8211; 43580 DELTEBRE (Tarragona)<br \/>\nTel\u00e8fon: 977487800<br \/>\nCorreu electr\u00f2nic: rrhh@nomenfoods.com<br \/>\nInscrita al Registre (Mercantil \/ P\u00fablic): &#8230;&#8230;&#8230;&#8230;&#8230;&#8230;&#8230;&#8230;&#8230;&#8230;&#8230;&#8230;..<\/p>\n<h3>2. DRETS DE PROPIETAT INTEL\u00b7LECTUAL I INDUSTRIAL<\/h3>\n<p>El lloc web, incloent a t\u00edtol enunciatiu per\u00f2 no limitatiu la seva programaci\u00f3, edici\u00f3, compilaci\u00f3 i altres<br \/>\nelements necessaris per al seu funcionament, els dissenys, logotips, text i \/ o gr\u00e0fics, s\u00f3n propietat del<br \/>\nRESPONSABLE o, si \u00e9s el cas, disposa de llic\u00e8ncia o autoritzaci\u00f3 expressa per part dels autors. Tots<br \/>\nels continguts del lloc web es troben degudament protegits per la normativa de propietat intel\u00b7lectual i<br \/>\nindustrial, aix\u00ed com inscrits en els registres p\u00fablics corresponents.<br \/>\nIndependentment de la finalitat per a la qual fossin destinats, la reproducci\u00f3 total o parcial, \u00fas,<br \/>\nexplotaci\u00f3, distribuci\u00f3 i comercialitzaci\u00f3, requereix en tot cas de l&#8217;autoritzaci\u00f3 escrita pr\u00e8via per part del<br \/>\nRESPONSABLE. Qualsevol \u00fas no autoritzat pr\u00e8viament es considera un incompliment greu dels drets<br \/>\nde Propietat Intel\u00b7lectual o Industrial de l&#8217;autor.<br \/>\nEls dissenys, logotips, text i \/ o gr\u00e0fics aliens al RESPONSABLE i que poguessin apar\u00e8ixer en el lloc<br \/>\nweb, pertanyen als seus respectius propietaris, sent ells mateixos responsables de qualsevol possible<br \/>\ncontrov\u00e8rsia que pogu\u00e9s suscitar respecte als mateixos. El RESPONSABLE autoritza expressament a que tercers puguin redirigir directament als continguts concrets del lloc web, i en tot cas redirigir al lloc<br \/>\nweb principal de www.nomen.es.<br \/>\nEl RESPONSABLE reconeix a favor dels seus titulars els corresponents drets de Propietat Intel\u00b7lectual<br \/>\ni Industrial, no implicant el seu sol esment o aparici\u00f3 en el lloc web l&#8217;exist\u00e8ncia de drets o<br \/>\nresponsabilitat alguna sobre els mateixos, com tampoc suport, patrocini o recomanaci\u00f3 per part del<br \/>\nmateix .<br \/>\nPer realitzar qualsevol tipus d&#8217;observaci\u00f3 respecte a possibles incompliments dels drets de Propietat<br \/>\nIntel\u00b7lectual o Industrial, aix\u00ed com sobre qualsevol dels continguts del lloc web, pot fer-ho a trav\u00e9s del correu electr\u00f2nic rrhh@nomenfoods.com.<\/p>\n<h3>3. EXEMPCI\u00d3 DE RESPONSABILITATS<\/h3>\n<p>El RESPONSABLE s&#8217;eximeix de qualsevol tipus de responsabilitat derivada de la informaci\u00f3 publicada<br \/>\nal seu lloc web sempre que aquesta informaci\u00f3 hagi estat manipulada o introdu\u00efda per un tercer ali\u00e8 a<br \/>\naquest.<\/p>\n<p><strong>\u00das de galetes<\/strong><\/p>\n<p>Aquest lloc web pot utilitzar cookies t\u00e8cniques (petits arxius d&#8217;informaci\u00f3 que el servidor envia a<br \/>\nl&#8217;ordinador de qui accedeix a la p\u00e0gina) per dur a terme determinades funcions que s\u00f3n considerades<br \/>\nimprescindibles per al correcte funcionament i visualitzaci\u00f3 del lloc. Les cookies utilitzades tenen, en tot<br \/>\ncas, car\u00e0cter temporal, amb l&#8217;\u00fanica finalitat de fer m\u00e9s efica\u00e7 la navegaci\u00f3, i desapareixen en acabar la<br \/>\nsessi\u00f3 de l&#8217;usuari. En cap cas, aquestes cookies proporcionen per si mateixes dades de car\u00e0cter<br \/>\npersonal i no s&#8217;utilitzaran per a la recollida de les mateixes.<br \/>\nMitjan\u00e7ant l&#8217;\u00fas de cookies tamb\u00e9 \u00e9s possible que el servidor on es troba la web reconegui el navegador<br \/>\nutilitzat per l&#8217;usuari amb la finalitat que la navegaci\u00f3 sigui m\u00e9s senzilla, permetent, per exemple, l&#8217;acc\u00e9s<br \/>\ndels usuaris que s&#8217;hagin registrat pr\u00e8viament a les \u00e0rees, serveis, promocions o concursos reservats<br \/>\nexclusivament a ells sense haver de registrar en cada visita. Tamb\u00e9 es poden utilitzar per mesurar<br \/>\nl&#8217;audi\u00e8ncia, par\u00e0metres de tr\u00e0nsit, controlar el progr\u00e9s i nombre d&#8217;entrades, etc, sent en aquests casos<br \/>\ncookies prescindibles t\u00e8cnicament per\u00f2 beneficioses per a l&#8217;usuari. Aquest lloc web no s&#8217;instal\u00b7lar\u00e0<br \/>\ncookies prescindibles sense el consentiment previ de l&#8217;usuari.<br \/>\nAquest lloc web utilitza cookies _ga\/_utm propietat de Google Analytics, persistents durant 2 anys, per<br \/>\na habilitar la funci\u00f3 de control de visites \u00faniques per tal de facilitar-li la seva navegaci\u00f3. A tot usuari que<br \/>\nvisita el web se l&#8217;informa de l&#8217;\u00fas d&#8217;aquestes cookies mitjan\u00e7ant un baner flotant, considerant que si<br \/>\ncontinua navegant est\u00e0 d&#8217;acord amb el seu \u00fas. En el cas d&#8217;acceptar el seu \u00fas el baner desapareixer\u00e1,<br \/>\nencara que en tot moment podr\u00e0 revocar el consentiment i obtenir m\u00e9s informaci\u00f3 consultant la nostra<br \/>\nPol\u00edtica de Cookies.<br \/>\nL&#8217;usuari t\u00e9 la possibilitat de configurar el seu navegador per ser alertat de la recepci\u00f3 de cookies i per<br \/>\nimpedir la seva instal\u00b7laci\u00f3 al seu equip. Si us plau, consulti les instruccions del seu navegador per<br \/>\nampliar aquesta informaci\u00f3.<\/p>\n<p><strong>Pol\u00edtica d\u2019enlla\u00e7os<\/strong><\/p>\n<p>Des del lloc web, \u00e9s possible que es redirigeixi a continguts de tercers llocs web. At\u00e8s que el<br \/>\nRESPONSABLE no pot controlar sempre els continguts introdu\u00efts pels tercers en els seus respectius<br \/>\nllocs web, no assumeix cap tipus de responsabilitat respecte a aquests continguts. En tot cas,<br \/>\nprocedir\u00e0 a la retirada immediata de qualsevol contingut que pogu\u00e9s contravenir la legislaci\u00f3 nacional o<br \/>\ninternacional, la moral o l&#8217;ordre p\u00fablic, procedint a la retirada immediata de la redirecci\u00f3 a aquest lloc<br \/>\nweb, posant en coneixement de les autoritats competents el contingut en q\u00fcesti\u00f3.<br \/>\nEl RESPONSABLE no es fa responsable de la informaci\u00f3 i continguts emmagatzemats, a t\u00edtol<br \/>\nenunciatiu per\u00f2 no limitatiu, en f\u00f2rums, xats, generadors de blogs, comentaris, xarxes socials o<br \/>\nqualsevol altre mitj\u00e0 que permeti a tercers publicar continguts de forma independent en la p\u00e0gina web<br \/>\ndel RESPONSABLE. No obstant aix\u00f2, i en compliment del que disposen els articles 11 i 16 de la<br \/>\nLSSICE, es posa a disposici\u00f3 de tots els usuaris, autoritats i forces de seguretat, col\u00b7laborant de forma<br \/>\nactiva en la retirada o, si s&#8217;escau, bloqueig de tots aquells continguts que puguin afectar o contravenir<br \/>\nla legislaci\u00f3 nacional o internacional, els drets de tercers o la moral i l&#8217;ordre p\u00fablic. En cas que l&#8217;usuari<br \/>\nconsideri que existeix en el lloc web algun contingut que pogu\u00e9s ser susceptible d&#8217;aquesta classificaci\u00f3,<br \/>\nes prega ho faci saber de forma immediata a l&#8217;administrador del lloc web.<br \/>\nAquest lloc web ha estat revisat i provat perqu\u00e8 funcioni correctament. En principi, pot garantir-se el<br \/>\ncorrecte funcionament els 365 dies de l&#8217;any, 24 hores al dia. No obstant aix\u00f2, el RESPONSABLE no<br \/>\ndescarta la possibilitat que existeixin certs errors de programaci\u00f3, o que esdevinguin causes de for\u00e7a<br \/>\nmajor, cat\u00e0strofes naturals, vagues o circumst\u00e0ncies semblants que facin impossible l&#8217;acc\u00e9s a la<br \/>\np\u00e0gina web.<\/p>\n<p><strong>Adreces IP<\/strong><\/p>\n<p>Els servidors del lloc web podran detectar de manera autom\u00e0tica l&#8217;adre\u00e7a IP i el nom de domini<br \/>\nutilitzats per l&#8217;usuari. Una adre\u00e7a IP \u00e9s un nombre assignat autom\u00e0ticament a un ordinador quan<br \/>\naquest es connecta a Internet. Tota aquesta informaci\u00f3 \u00e9s registrada en un fitxer d&#8217;activitat del servidor<br \/>\ndegudament inscrit que permet el posterior processament de les dades amb la finalitat d&#8217;obtenir<br \/>\nmesures \u00fanicament estad\u00edstiques que permetin con\u00e8ixer el nombre d&#8217;impressions de p\u00e0gines, el<br \/>\nnombre de visites realitzades als servidors web, l&#8217;ordre de visites, el punt d&#8217;acc\u00e9s, etc.<\/p>\n<h3>4. LLEI APLICABLE I JURISDICCI\u00d3<\/h3>\n<p>Per a la resoluci\u00f3 de totes les controv\u00e8rsies o q\u00fcestions relacionades amb el present lloc web o de les<br \/>\nactivitats en ell desenvolupades, ser\u00e0 d&#8217;aplicaci\u00f3 la legislaci\u00f3 espanyola, a la qual se sotmeten<br \/>\nexpressament les parts, sent competents per a la resoluci\u00f3 de tots els conflictes derivats o relacionats<br \/>\namb el seu \u00fas els Jutjats i Tribunals m\u00e9s propers a DELTEBRE.<\/p>\n","protected":false},"excerpt":{"rendered":"<p>LLEI DELS SERVEIS DE LA SOCIETAT DE LA INFORMACI\u00d3 (LSSI) NOMEN FOODS SL, responsable del lloc web, d&#8217;ara endavant RESPONSABLE, posa a disposici\u00f3 dels usuaris el present document, amb el qual pret\u00e9n donar compliment a les obligacions disposades en la Llei 34\/2002, de 11 de juliol, de Serveis de la Societat de la Informaci\u00f3 i [&hellip;]<\/p>\n","protected":false},"author":3,"featured_media":0,"parent":0,"menu_order":0,"comment_status":"closed","ping_status":"closed","template":"","meta":{"_et_pb_use_builder":"","_et_pb_old_content":"","_et_gb_content_width":"","footnotes":""},"class_list":["post-368","page","type-page","status-publish","hentry"],"yoast_head":"<!-- This site is optimized with the Yoast SEO plugin v25.6 - https:\/\/yoast.com\/wordpress\/plugins\/seo\/ -->\n<title>Nota legal - Bayo<\/title>\n<meta name=\"robots\" content=\"noindex, follow\" \/>\n<meta property=\"og:locale\" content=\"ca_ES\" \/>\n<meta property=\"og:type\" content=\"article\" \/>\n<meta property=\"og:title\" content=\"Nota legal - Bayo\" \/>\n<meta property=\"og:description\" content=\"LLEI DELS SERVEIS DE LA SOCIETAT DE LA INFORMACI\u00d3 (LSSI) NOMEN FOODS SL, responsable del lloc web, d&#8217;ara endavant RESPONSABLE, posa a disposici\u00f3 dels usuaris el present document, amb el qual pret\u00e9n donar compliment a les obligacions disposades en la Llei 34\/2002, de 11 de juliol, de Serveis de la Societat de la Informaci\u00f3 i [&hellip;]\" \/>\n<meta property=\"og:url\" content=\"https:\/\/www.arrozbayo.es\/ca\/nota-legal\/\" \/>\n<meta property=\"og:site_name\" content=\"Bayo\" \/>\n<meta property=\"article:modified_time\" content=\"2019-08-02T07:40:38+00:00\" \/>\n<meta name=\"twitter:card\" content=\"summary_large_image\" \/>\n<meta name=\"twitter:label1\" content=\"Temps estimat de lectura\" \/>\n\t<meta name=\"twitter:data1\" content=\"7 minutes\" \/>\n<script type=\"application\/ld+json\" class=\"yoast-schema-graph\">{\"@context\":\"https:\/\/schema.org\",\"@graph\":[{\"@type\":\"WebPage\",\"@id\":\"https:\/\/www.arrozbayo.es\/ca\/nota-legal\/\",\"url\":\"https:\/\/www.arrozbayo.es\/ca\/nota-legal\/\",\"name\":\"Nota legal - Bayo\",\"isPartOf\":{\"@id\":\"https:\/\/www.arrozbayo.es\/#website\"},\"datePublished\":\"2018-11-14T16:09:28+00:00\",\"dateModified\":\"2019-08-02T07:40:38+00:00\",\"breadcrumb\":{\"@id\":\"https:\/\/www.arrozbayo.es\/ca\/nota-legal\/#breadcrumb\"},\"inLanguage\":\"ca\",\"potentialAction\":[{\"@type\":\"ReadAction\",\"target\":[\"https:\/\/www.arrozbayo.es\/ca\/nota-legal\/\"]}]},{\"@type\":\"BreadcrumbList\",\"@id\":\"https:\/\/www.arrozbayo.es\/ca\/nota-legal\/#breadcrumb\",\"itemListElement\":[{\"@type\":\"ListItem\",\"position\":1,\"name\":\"Portada\",\"item\":\"https:\/\/www.arrozbayo.es\/ca\/\"},{\"@type\":\"ListItem\",\"position\":2,\"name\":\"Nota legal\"}]},{\"@type\":\"WebSite\",\"@id\":\"https:\/\/www.arrozbayo.es\/#website\",\"url\":\"https:\/\/www.arrozbayo.es\/\",\"name\":\"Bayo\",\"description\":\"L\u2019arr\u00f2s d\u2019hostaleria per excel\u00b7l\u00e8ncia\",\"potentialAction\":[{\"@type\":\"SearchAction\",\"target\":{\"@type\":\"EntryPoint\",\"urlTemplate\":\"https:\/\/www.arrozbayo.es\/?s={search_term_string}\"},\"query-input\":{\"@type\":\"PropertyValueSpecification\",\"valueRequired\":true,\"valueName\":\"search_term_string\"}}],\"inLanguage\":\"ca\"}]}<\/script>\n<!-- \/ Yoast SEO plugin. -->","yoast_head_json":{"title":"Nota legal - Bayo","robots":{"index":"noindex","follow":"follow"},"og_locale":"ca_ES","og_type":"article","og_title":"Nota legal - Bayo","og_description":"LLEI DELS SERVEIS DE LA SOCIETAT DE LA INFORMACI\u00d3 (LSSI) NOMEN FOODS SL, responsable del lloc web, d&#8217;ara endavant RESPONSABLE, posa a disposici\u00f3 dels usuaris el present document, amb el qual pret\u00e9n donar compliment a les obligacions disposades en la Llei 34\/2002, de 11 de juliol, de Serveis de la Societat de la Informaci\u00f3 i [&hellip;]","og_url":"https:\/\/www.arrozbayo.es\/ca\/nota-legal\/","og_site_name":"Bayo","article_modified_time":"2019-08-02T07:40:38+00:00","twitter_card":"summary_large_image","twitter_misc":{"Temps estimat de lectura":"7 minutes"},"schema":{"@context":"https:\/\/schema.org","@graph":[{"@type":"WebPage","@id":"https:\/\/www.arrozbayo.es\/ca\/nota-legal\/","url":"https:\/\/www.arrozbayo.es\/ca\/nota-legal\/","name":"Nota legal - Bayo","isPartOf":{"@id":"https:\/\/www.arrozbayo.es\/#website"},"datePublished":"2018-11-14T16:09:28+00:00","dateModified":"2019-08-02T07:40:38+00:00","breadcrumb":{"@id":"https:\/\/www.arrozbayo.es\/ca\/nota-legal\/#breadcrumb"},"inLanguage":"ca","potentialAction":[{"@type":"ReadAction","target":["https:\/\/www.arrozbayo.es\/ca\/nota-legal\/"]}]},{"@type":"BreadcrumbList","@id":"https:\/\/www.arrozbayo.es\/ca\/nota-legal\/#breadcrumb","itemListElement":[{"@type":"ListItem","position":1,"name":"Portada","item":"https:\/\/www.arrozbayo.es\/ca\/"},{"@type":"ListItem","position":2,"name":"Nota legal"}]},{"@type":"WebSite","@id":"https:\/\/www.arrozbayo.es\/#website","url":"https:\/\/www.arrozbayo.es\/","name":"Bayo","description":"L\u2019arr\u00f2s d\u2019hostaleria per excel\u00b7l\u00e8ncia","potentialAction":[{"@type":"SearchAction","target":{"@type":"EntryPoint","urlTemplate":"https:\/\/www.arrozbayo.es\/?s={search_term_string}"},"query-input":{"@type":"PropertyValueSpecification","valueRequired":true,"valueName":"search_term_string"}}],"inLanguage":"ca"}]}},"_links":{"self":[{"href":"https:\/\/www.arrozbayo.es\/ca\/wp-json\/wp\/v2\/pages\/368"}],"collection":[{"href":"https:\/\/www.arrozbayo.es\/ca\/wp-json\/wp\/v2\/pages"}],"about":[{"href":"https:\/\/www.arrozbayo.es\/ca\/wp-json\/wp\/v2\/types\/page"}],"author":[{"embeddable":true,"href":"https:\/\/www.arrozbayo.es\/ca\/wp-json\/wp\/v2\/users\/3"}],"replies":[{"embeddable":true,"href":"https:\/\/www.arrozbayo.es\/ca\/wp-json\/wp\/v2\/comments?post=368"}],"version-history":[{"count":4,"href":"https:\/\/www.arrozbayo.es\/ca\/wp-json\/wp\/v2\/pages\/368\/revisions"}],"predecessor-version":[{"id":1402,"href":"https:\/\/www.arrozbayo.es\/ca\/wp-json\/wp\/v2\/pages\/368\/revisions\/1402"}],"wp:attachment":[{"href":"https:\/\/www.arrozbayo.es\/ca\/wp-json\/wp\/v2\/media?parent=368"}],"curies":[{"name":"wp","href":"https:\/\/api.w.org\/{rel}","templated":true}]}}