{"id":37,"date":"2018-11-13T08:53:06","date_gmt":"2018-11-13T08:53:06","guid":{"rendered":"http:\/\/arrozbayo.es\/?page_id=37"},"modified":"2021-09-14T18:34:14","modified_gmt":"2021-09-14T16:34:14","slug":"contacta","status":"publish","type":"page","link":"https:\/\/www.arrozbayo.es\/ca\/contacta\/","title":{"rendered":"Contacte"},"content":{"rendered":"<p>[et_pb_section fb_built=&#8221;1&#8243; fullwidth=&#8221;on&#8221; _builder_version=&#8221;3.22&#8243;][et_pb_fullwidth_image src=&#8221;https:\/\/www.arrozbayo.es\/wp-content\/uploads\/2018\/11\/cover-contacta.jpg&#8221; _builder_version=&#8221;3.17.6&#8243;][\/et_pb_fullwidth_image][\/et_pb_section][et_pb_section fb_built=&#8221;1&#8243; _builder_version=&#8221;3.22&#8243; custom_margin=&#8221;0px||&#8221; custom_padding=&#8221;0px||40px&#8221;][et_pb_row _builder_version=&#8221;3.25&#8243; column_structure=&#8221;3_4,1_4&#8243;][et_pb_column type=&#8221;3_4&#8243; _builder_version=&#8221;3.25&#8243; custom_padding=&#8221;|||&#8221; custom_padding__hover=&#8221;|||&#8221;][et_pb_text _builder_version=&#8221;3.27.4&#8243; header_font=&#8221;|700|||||||&#8221; header_font_size=&#8221;50px&#8221;]<\/p>\n<h1>Contacte<\/h1>\n<p>Si voleu posar-vos en contacte amb nosaltres, empleneu el formulari seg\u00fcent:<\/p>\n<p>[\/et_pb_text][et_pb_code _builder_version=&#8221;3.21.4&#8243;]\n<div class=\"wpcf7 no-js\" id=\"wpcf7-f1113-o1\" lang=\"es-ES\" dir=\"ltr\" data-wpcf7-id=\"1113\">\n<div class=\"screen-reader-response\"><p role=\"status\" aria-live=\"polite\" aria-atomic=\"true\"><\/p> <ul><\/ul><\/div>\n<form action=\"\/ca\/wp-json\/wp\/v2\/pages\/37#wpcf7-f1113-o1\" method=\"post\" class=\"wpcf7-form init wpcf7-acceptance-as-validation\" aria-label=\"Formulari de contacte\" novalidate=\"novalidate\" data-status=\"init\">\n<div style=\"display: none;\">\n<input type=\"hidden\" name=\"_wpcf7\" value=\"1113\" \/>\n<input type=\"hidden\" name=\"_wpcf7_version\" value=\"6.0.6\" \/>\n<input type=\"hidden\" name=\"_wpcf7_locale\" value=\"es_ES\" \/>\n<input type=\"hidden\" name=\"_wpcf7_unit_tag\" value=\"wpcf7-f1113-o1\" \/>\n<input type=\"hidden\" name=\"_wpcf7_container_post\" value=\"0\" \/>\n<input type=\"hidden\" name=\"_wpcf7_posted_data_hash\" value=\"\" \/>\n<\/div>\n<div class=\"contacte-clearfix-floats\">\n\t<div class=\"contacte-nom\">\n\t\t<p><label>Nom<span class=\"wpcf7-form-control-wrap\" data-name=\"Nom\"><input size=\"40\" maxlength=\"400\" class=\"wpcf7-form-control wpcf7-text wpcf7-validates-as-required\" aria-required=\"true\" aria-invalid=\"false\" value=\"\" type=\"text\" name=\"Nom\" \/><\/span><\/label>\n\t\t<\/p>\n\t<\/div>\n\t<div class=\"contacte-tel\">\n\t\t<p><label>Tel\u00e8fon<span class=\"wpcf7-form-control-wrap\" data-name=\"Telefon\"><input size=\"40\" maxlength=\"400\" class=\"wpcf7-form-control wpcf7-tel wpcf7-validates-as-required wpcf7-text wpcf7-validates-as-tel\" aria-required=\"true\" aria-invalid=\"false\" value=\"\" type=\"tel\" name=\"Telefon\" \/><\/span><\/label>\n\t\t<\/p>\n\t<\/div>\n\t<div class=\"contacte-poblacio\">\n\t\t<p><label>Poblaci\u00f3<span class=\"wpcf7-form-control-wrap\" data-name=\"poblacio\"><input size=\"40\" maxlength=\"400\" class=\"wpcf7-form-control wpcf7-text wpcf7-validates-as-required\" aria-required=\"true\" aria-invalid=\"false\" value=\"\" type=\"text\" name=\"poblacio\" \/><\/span><\/label>\n\t\t<\/p>\n\t<\/div>\n\t<div class=\"contacte-mail\">\n\t\t<p><label>Correu electr\u00f2nic<span class=\"wpcf7-form-control-wrap\" data-name=\"Email\"><input size=\"40\" maxlength=\"400\" class=\"wpcf7-form-control wpcf7-email wpcf7-validates-as-required wpcf7-text wpcf7-validates-as-email\" aria-required=\"true\" aria-invalid=\"false\" value=\"\" type=\"email\" name=\"Email\" \/><\/span><\/label>\n\t\t<\/p>\n\t<\/div>\n<\/div>\n<div class=\"contacte-text\">\n\t<p><label>Missatge<span class=\"wpcf7-form-control-wrap\" data-name=\"Missatge\"><textarea cols=\"40\" rows=\"10\" maxlength=\"2000\" class=\"wpcf7-form-control wpcf7-textarea wpcf7-validates-as-required\" aria-required=\"true\" aria-invalid=\"false\" name=\"Missatge\"><\/textarea><\/span><\/label>\n\t<\/p>\n<\/div>\n<div class=\"et_pb_module et_pb_toggle et_pb_toggle_0 et_pb_toggle_item et_pb_toggle_close\" style=\"margin-top:20px;\">\n\t<h5 class=\"et_pb_toggle_title\">Abans d'acceptar, llegir consentiment per al tractament de dades personals\n\t<\/h5>\n\t<div class=\"et_pb_toggle_content clearfix\" style=\"visibility: visible; color: rgb(108, 108, 108); display: none;\">\n\t\t<p><strong>NOMEN FOODS SL<\/strong> \u00e9s el Responsable del Tractament de les dades personals de l'Usuari i l'informa que aquestes dades seran tractades de conformitat amb el que disposa el Reglament (UE) 2016\/679 de 27 d'abril de 2016 (GDPR) i la Llei Org\u00e0nica 3\/2018, de 5 de desembre (LOPDGDD), per la qual cosa li facilita la seg\u00fcent informaci\u00f3 del tractament:\n\t\t<\/p>\n\t\t<p><strong>Fi del tractament:<\/strong> per inter\u00e8s leg\u00edtim del responsable: mantenir una relaci\u00f3 comercial. Per consentiment de l'interessat: l'enviament de comunicacions sobre els nostres productes i\/o serveis.\n\t\t<\/p>\n\t\t<p><strong>Criteris de conservaci\u00f3 de les dades:<\/strong> es conservaran durant no m\u00e9s temps del necessari per mantenir la fi del tractament i quan ja no sigui necessari per a tal fi, es suprimiran amb mesures de seguretat adequades per garantir la pseudonimitzaci\u00f3 de les dades o la destrucci\u00f3 total de les mateixes.\n\t\t<\/p>\n\t\t<p><strong>Comunicaci\u00f3 de les dades:<\/strong> no es comunicaran les dades a tercers, excepte per obligaci\u00f3 legal.\n\t\t<\/p>\n\t\t<p><strong>Drets que assisteixen a l'usuari:<\/strong>\n\t\t<\/p>\n\t\t<ul>\n\t\t\t<li>\n\t\t\t\t<p>Dret a retirar el consentiment en qualsevol moment.\n\t\t\t\t<\/p>\n\t\t\t<\/li>\n\t\t\t<li>\n\t\t\t\t<p>Dret d'acc\u00e9s, rectificaci\u00f3, portabilitat i supressi\u00f3 de les seves dades i de la limitaci\u00f3 o oposici\u00f3 al seu tractament.\n\t\t\t\t<\/p>\n\t\t\t<\/li>\n\t\t\t<li>\n\t\t\t\t<p>Dret a presentar una reclamaci\u00f3 davant l'Autoritat de Control (www.aepd.es) si considera que el tractament no s'ajusta a la normativa vigent.\n\t\t\t\t<\/p>\n\t\t\t<\/li>\n\t\t<\/ul>\n\t\t<p><strong>Dades de contacte per exercir els seus drets:<\/strong><br \/>\nNOMEN FOODS SL. CTRA. CAMARLES-DELTEBRE, KM, 6,5 - 43580 DELTEBRE (Tarragona).<br \/>\nEmail: rrhh@nomenfoods.com<br \/>\nDades de contacte del DPO: Teodor Gonz\u00e0lez 31, 43500 Tortosa - fmcanalda@ateneu.eu\n\t\t<\/p>\n\t\t<p>Per continuar vost\u00e8 ha d'acceptar que ha llegit i est\u00e0 conforme amb la cl\u00e0usula anterior.\n\t\t<\/p>\n\t<\/div>\n<\/div>\n<div class=\"contacte-accepto\">\n\t<p><span class=\"wpcf7-form-control-wrap\" data-name=\"your-consent\"><span class=\"wpcf7-form-control wpcf7-acceptance\"><span class=\"wpcf7-list-item\"><label><input type=\"checkbox\" name=\"your-consent\" value=\"1\" aria-invalid=\"false\" \/><span class=\"wpcf7-list-item-label\">He llegit i accepto la <a href=\"https:\/\/www.arrozbayo.es\/politica-de-privacitat\/\" target=\"_blank\">pol\u00edtica de privacitat<\/a><\/span><\/label><\/span><\/span><\/span>\n\t<\/p>\n<\/div>\n<div class=\"contacte-submit\">\n\t<p><p><span class=\"wpcf7-form-control-wrap\"><div class=\"f12-captcha template-1\">\r\n\t        <!-- Label correctly linked with `for` -->\r\n        <label for=\"c_e0fcac3f1542f85dca3b\" class=\"c-label\">\r\n\t\t\tCaptcha        <\/label>\r\n\t\r\n    <div class=\"c-header\">\r\n        <div class=\"c-input\">\r\n            <!-- Dynamische CAPTCHA-Daten mit Aria LIVE aktualisieren -->\r\n            <div class=\"c-data\" aria-live=\"polite\" aria-atomic=\"true\" aria-describedby=\"captcha-instructions\">\r\n\t\t\t\t<span class=\"captcha-calculation\">5 * 1 = ?<\/span>            <\/div>\r\n\r\n            <div class=\"\" >\r\n\t\t\t\t\r\n                <!-- Text field for user input -->\r\n                <input class=\"f12c \"\r\n                       data-method=\"math\"                        type=\"text\" id=\"c_e0fcac3f1542f85dca3b\"\r\n                       name=\"f12_captcha\"\r\n                       placeholder=\"Captcha\"\r\n                       value=\"\" aria-required=\"true\"\r\n                       aria-labelledby=\"\"\r\n                       aria-describedby=\"captcha-instructions\"\/>\r\n            <\/div>\r\n        <\/div>\r\n\r\n        <!-- Button for CAPTCHA reload -->\r\n        <div class=\"c-reload\" role=\"button\" tabindex=\"0\" aria-label=\"Reload CAPTCHA\">\r\n\t\t\t<a href=\"#\" class=\"cf7 captcha-reload\" style=\"display:inline-flex !important; align-items:center !important; justify-content:center !important; background-color:#2196f3 !important; padding:3px !important; border-radius:3px !important; line-height:0 !important; box-sizing:content-box !important; text-decoration:none !important;\" title=\"Reload Captcha\"><img decoding=\"async\" style=\"display:block !important; width:16px !important; height:16px !important; max-width:none !important; margin:0 !important; padding:0 !important;\" src=\"https:\/\/www.arrozbayo.es\/wp-content\/plugins\/captcha-for-contact-form-7\/core\/assets\/reload-icon.png\" alt=\"Reload\"\/><\/a>        <\/div>\r\n\t\t    <\/div>\r\n\r\n    <!-- Hidden input field for HASH values -->\r\n    <input type=\"hidden\" id=\"hash_c_e0fcac3f1542f85dca3b\"\r\n           name=\"f12_captcha_hash\"\r\n           value=\"$2y$10$IThXGE8CzyCT29TvFznRv.FBPRXa1\/iK2xj6pIbO9uytOEyxAigrm\"\/>\r\n\r\n    <!-- Screenreader-Beschreibung -->\r\n    <p id=\"captcha-instructions\" class=\"screen-reader-text\">\r\n\t\tThis CAPTCHA helps ensure that you are human. Please enter the requested characters.    <\/p>\r\n<\/div><input type=\"hidden\" name=\"behavior_nonce\" value=\"\" \/><script>\r\n(function(){\r\n\tvar el = document.currentScript;\r\n\tif (!el) return;\r\n\tvar form = el.closest(\"form\");\r\n\tif (!form || form.dataset.ssInit === \"1\") return;\r\n\tform.dataset.ssInit = \"1\";\r\n\tform.dataset.ssMode = \"protect\";\r\n\tform.dataset.ssSource = \"rule\";\r\n})();\r\n<\/script><\/span><\/p><input class=\"wpcf7-form-control wpcf7-submit has-spinner\" type=\"submit\" value=\"Envia\" \/>\n\t<\/p>\n<\/div><div class=\"wpcf7-response-output\" aria-hidden=\"true\"><\/div>\n<\/form>\n<\/div>\n[\/et_pb_code][\/et_pb_column][et_pb_column type=&#8221;1_4&#8243; _builder_version=&#8221;3.25&#8243; custom_padding=&#8221;5%|||&#8221; custom_padding__hover=&#8221;|||&#8221;][et_pb_text _builder_version=&#8221;3.27.4&#8243;]<\/p>\n<p>Ctra.Camarles-Deltebre Km 6,5<br \/>\n43580 Deltebre, Tarragona<br \/>\ninfo@arrozbayo.es<br \/>\nTel\u00e8fon: 977 48 78 00<\/p>\n<p>[\/et_pb_text][\/et_pb_column][\/et_pb_row][\/et_pb_section][et_pb_section fb_built=&#8221;1&#8243; fullwidth=&#8221;on&#8221; _builder_version=&#8221;3.22&#8243; custom_margin=&#8221;0px||&#8221; custom_padding=&#8221;0px|0px|0px|0px|false|false&#8221;][et_pb_fullwidth_map address=&#8221;Ctra.Camarles-Deltebre, Km.6,5, 43580, Tarragona, Espa\u00f1a&#8221; zoom_level=&#8221;16&#8243; address_lat=&#8221;40.7350454&#8243; address_lng=&#8221;0.7045617&#8243; mouse_wheel=&#8221;off&#8221; _builder_version=&#8221;3.17.6&#8243; custom_margin=&#8221;0px||&#8221; custom_padding=&#8221;0px||&#8221;][et_pb_map_pin pin_address=&#8221;Ctra.Camarles-Deltebre, Km.6,5, 43580, Tarragona, Espa\u00f1a&#8221; pin_address_lat=&#8221;40.7350454&#8243; pin_address_lng=&#8221;0.7045617&#8243; _builder_version=&#8221;3.17.6&#8243;][\/et_pb_map_pin][\/et_pb_fullwidth_map][\/et_pb_section]<\/p>\n","protected":false},"excerpt":{"rendered":"<p>[et_pb_section fb_built=&#8221;1&#8243; fullwidth=&#8221;on&#8221; _builder_version=&#8221;3.22&#8243;][et_pb_fullwidth_image src=&#8221;https:\/\/www.arrozbayo.es\/wp-content\/uploads\/2018\/11\/cover-contacta.jpg&#8221; _builder_version=&#8221;3.17.6&#8243;][\/et_pb_fullwidth_image][\/et_pb_section][et_pb_section fb_built=&#8221;1&#8243; _builder_version=&#8221;3.22&#8243; custom_margin=&#8221;0px||&#8221; custom_padding=&#8221;0px||40px&#8221;][et_pb_row _builder_version=&#8221;3.25&#8243; column_structure=&#8221;3_4,1_4&#8243;][et_pb_column type=&#8221;3_4&#8243; _builder_version=&#8221;3.25&#8243; custom_padding=&#8221;|||&#8221; custom_padding__hover=&#8221;|||&#8221;][et_pb_text _builder_version=&#8221;3.27.4&#8243; header_font=&#8221;|700|||||||&#8221; header_font_size=&#8221;50px&#8221;] Contacte Si voleu posar-vos en contacte amb nosaltres, empleneu el formulari seg\u00fcent: [\/et_pb_text][et_pb_code _builder_version=&#8221;3.21.4&#8243;][\/et_pb_code][\/et_pb_column][et_pb_column type=&#8221;1_4&#8243; _builder_version=&#8221;3.25&#8243; custom_padding=&#8221;5%|||&#8221; custom_padding__hover=&#8221;|||&#8221;][et_pb_text _builder_version=&#8221;3.27.4&#8243;] Ctra.Camarles-Deltebre Km 6,5 43580 Deltebre, Tarragona info@arrozbayo.es Tel\u00e8fon: 977 48 78 00 [\/et_pb_text][\/et_pb_column][\/et_pb_row][\/et_pb_section][et_pb_section fb_built=&#8221;1&#8243; fullwidth=&#8221;on&#8221; _builder_version=&#8221;3.22&#8243; custom_margin=&#8221;0px||&#8221; [&hellip;]<\/p>\n","protected":false},"author":3,"featured_media":0,"parent":0,"menu_order":0,"comment_status":"closed","ping_status":"closed","template":"","meta":{"_et_pb_use_builder":"on","_et_pb_old_content":"","_et_gb_content_width":"","footnotes":""},"class_list":["post-37","page","type-page","status-publish","hentry"],"yoast_head":"<!-- This site is optimized with the Yoast SEO plugin v25.6 - https:\/\/yoast.com\/wordpress\/plugins\/seo\/ -->\n<title>Contacte | Consultes, dubtes i suggeriments a Arr\u00f2s Bayo<\/title>\n<meta name=\"description\" content=\"Si voleu posar-vos en contacte amb nosaltres, enviar-nos suggeriments o fer-nos alguna consulta, podeu omplir el formulari que trobareu aqu\u00ed.\" \/>\n<meta name=\"robots\" content=\"index, follow, max-snippet:-1, max-image-preview:large, max-video-preview:-1\" \/>\n<link rel=\"canonical\" href=\"https:\/\/www.arrozbayo.es\/ca\/contacta\/\" \/>\n<meta property=\"og:locale\" content=\"ca_ES\" \/>\n<meta property=\"og:type\" content=\"article\" \/>\n<meta property=\"og:title\" content=\"Contacte | Consultes, dubtes i suggeriments a Arr\u00f2s Bayo\" \/>\n<meta property=\"og:description\" content=\"Si voleu posar-vos en contacte amb nosaltres, enviar-nos suggeriments o fer-nos alguna consulta, podeu omplir el formulari que trobareu aqu\u00ed.\" \/>\n<meta property=\"og:url\" content=\"https:\/\/www.arrozbayo.es\/ca\/contacta\/\" \/>\n<meta property=\"og:site_name\" content=\"Bayo\" \/>\n<meta property=\"article:modified_time\" content=\"2021-09-14T16:34:14+00:00\" \/>\n<meta name=\"twitter:card\" content=\"summary_large_image\" \/>\n<meta name=\"twitter:label1\" content=\"Temps estimat de lectura\" \/>\n\t<meta name=\"twitter:data1\" content=\"1 minute\" \/>\n<script type=\"application\/ld+json\" class=\"yoast-schema-graph\">{\"@context\":\"https:\/\/schema.org\",\"@graph\":[{\"@type\":\"WebPage\",\"@id\":\"https:\/\/www.arrozbayo.es\/ca\/contacta\/\",\"url\":\"https:\/\/www.arrozbayo.es\/ca\/contacta\/\",\"name\":\"Contacte | Consultes, dubtes i suggeriments a Arr\u00f2s Bayo\",\"isPartOf\":{\"@id\":\"https:\/\/www.arrozbayo.es\/#website\"},\"datePublished\":\"2018-11-13T08:53:06+00:00\",\"dateModified\":\"2021-09-14T16:34:14+00:00\",\"description\":\"Si voleu posar-vos en contacte amb nosaltres, enviar-nos suggeriments o fer-nos alguna consulta, podeu omplir el formulari que trobareu aqu\u00ed.\",\"breadcrumb\":{\"@id\":\"https:\/\/www.arrozbayo.es\/ca\/contacta\/#breadcrumb\"},\"inLanguage\":\"ca\",\"potentialAction\":[{\"@type\":\"ReadAction\",\"target\":[\"https:\/\/www.arrozbayo.es\/ca\/contacta\/\"]}]},{\"@type\":\"BreadcrumbList\",\"@id\":\"https:\/\/www.arrozbayo.es\/ca\/contacta\/#breadcrumb\",\"itemListElement\":[{\"@type\":\"ListItem\",\"position\":1,\"name\":\"Portada\",\"item\":\"https:\/\/www.arrozbayo.es\/ca\/\"},{\"@type\":\"ListItem\",\"position\":2,\"name\":\"Contacte\"}]},{\"@type\":\"WebSite\",\"@id\":\"https:\/\/www.arrozbayo.es\/#website\",\"url\":\"https:\/\/www.arrozbayo.es\/\",\"name\":\"Bayo\",\"description\":\"L\u2019arr\u00f2s d\u2019hostaleria per excel\u00b7l\u00e8ncia\",\"potentialAction\":[{\"@type\":\"SearchAction\",\"target\":{\"@type\":\"EntryPoint\",\"urlTemplate\":\"https:\/\/www.arrozbayo.es\/?s={search_term_string}\"},\"query-input\":{\"@type\":\"PropertyValueSpecification\",\"valueRequired\":true,\"valueName\":\"search_term_string\"}}],\"inLanguage\":\"ca\"}]}<\/script>\n<!-- \/ Yoast SEO plugin. -->","yoast_head_json":{"title":"Contacte | Consultes, dubtes i suggeriments a Arr\u00f2s Bayo","description":"Si voleu posar-vos en contacte amb nosaltres, enviar-nos suggeriments o fer-nos alguna consulta, podeu omplir el formulari que trobareu aqu\u00ed.","robots":{"index":"index","follow":"follow","max-snippet":"max-snippet:-1","max-image-preview":"max-image-preview:large","max-video-preview":"max-video-preview:-1"},"canonical":"https:\/\/www.arrozbayo.es\/ca\/contacta\/","og_locale":"ca_ES","og_type":"article","og_title":"Contacte | Consultes, dubtes i suggeriments a Arr\u00f2s Bayo","og_description":"Si voleu posar-vos en contacte amb nosaltres, enviar-nos suggeriments o fer-nos alguna consulta, podeu omplir el formulari que trobareu aqu\u00ed.","og_url":"https:\/\/www.arrozbayo.es\/ca\/contacta\/","og_site_name":"Bayo","article_modified_time":"2021-09-14T16:34:14+00:00","twitter_card":"summary_large_image","twitter_misc":{"Temps estimat de lectura":"1 minute"},"schema":{"@context":"https:\/\/schema.org","@graph":[{"@type":"WebPage","@id":"https:\/\/www.arrozbayo.es\/ca\/contacta\/","url":"https:\/\/www.arrozbayo.es\/ca\/contacta\/","name":"Contacte | Consultes, dubtes i suggeriments a Arr\u00f2s Bayo","isPartOf":{"@id":"https:\/\/www.arrozbayo.es\/#website"},"datePublished":"2018-11-13T08:53:06+00:00","dateModified":"2021-09-14T16:34:14+00:00","description":"Si voleu posar-vos en contacte amb nosaltres, enviar-nos suggeriments o fer-nos alguna consulta, podeu omplir el formulari que trobareu aqu\u00ed.","breadcrumb":{"@id":"https:\/\/www.arrozbayo.es\/ca\/contacta\/#breadcrumb"},"inLanguage":"ca","potentialAction":[{"@type":"ReadAction","target":["https:\/\/www.arrozbayo.es\/ca\/contacta\/"]}]},{"@type":"BreadcrumbList","@id":"https:\/\/www.arrozbayo.es\/ca\/contacta\/#breadcrumb","itemListElement":[{"@type":"ListItem","position":1,"name":"Portada","item":"https:\/\/www.arrozbayo.es\/ca\/"},{"@type":"ListItem","position":2,"name":"Contacte"}]},{"@type":"WebSite","@id":"https:\/\/www.arrozbayo.es\/#website","url":"https:\/\/www.arrozbayo.es\/","name":"Bayo","description":"L\u2019arr\u00f2s d\u2019hostaleria per excel\u00b7l\u00e8ncia","potentialAction":[{"@type":"SearchAction","target":{"@type":"EntryPoint","urlTemplate":"https:\/\/www.arrozbayo.es\/?s={search_term_string}"},"query-input":{"@type":"PropertyValueSpecification","valueRequired":true,"valueName":"search_term_string"}}],"inLanguage":"ca"}]}},"_links":{"self":[{"href":"https:\/\/www.arrozbayo.es\/ca\/wp-json\/wp\/v2\/pages\/37"}],"collection":[{"href":"https:\/\/www.arrozbayo.es\/ca\/wp-json\/wp\/v2\/pages"}],"about":[{"href":"https:\/\/www.arrozbayo.es\/ca\/wp-json\/wp\/v2\/types\/page"}],"author":[{"embeddable":true,"href":"https:\/\/www.arrozbayo.es\/ca\/wp-json\/wp\/v2\/users\/3"}],"replies":[{"embeddable":true,"href":"https:\/\/www.arrozbayo.es\/ca\/wp-json\/wp\/v2\/comments?post=37"}],"version-history":[{"count":5,"href":"https:\/\/www.arrozbayo.es\/ca\/wp-json\/wp\/v2\/pages\/37\/revisions"}],"predecessor-version":[{"id":2537,"href":"https:\/\/www.arrozbayo.es\/ca\/wp-json\/wp\/v2\/pages\/37\/revisions\/2537"}],"wp:attachment":[{"href":"https:\/\/www.arrozbayo.es\/ca\/wp-json\/wp\/v2\/media?parent=37"}],"curies":[{"name":"wp","href":"https:\/\/api.w.org\/{rel}","templated":true}]}}