{"id":570,"date":"2018-11-15T09:27:13","date_gmt":"2018-11-15T09:27:13","guid":{"rendered":"https:\/\/www.arrozbayo.es\/?page_id=570"},"modified":"2022-05-21T11:18:34","modified_gmt":"2022-05-21T09:18:34","slug":"arros-ecologic","status":"publish","type":"page","link":"https:\/\/www.arrozbayo.es\/ca\/els-nostres-arrossos\/arros-ecologic\/","title":{"rendered":"Arr\u00f2s ecol\u00f2gic"},"content":{"rendered":"<p>[et_pb_section fb_built=&#8221;1&#8243; custom_padding_last_edited=&#8221;on|phone&#8221; _builder_version=&#8221;3.22&#8243; custom_padding=&#8221;68px|0px|2px|0px|false|false&#8221; custom_padding_tablet=&#8221;58px||&#8221; custom_padding_phone=&#8221;30px||&#8221;][et_pb_row column_structure=&#8221;2_5,3_5&#8243; _builder_version=&#8221;3.25&#8243;][et_pb_column type=&#8221;2_5&#8243; _builder_version=&#8221;3.25&#8243; custom_padding=&#8221;|||&#8221; custom_padding__hover=&#8221;|||&#8221;][et_pb_image src=&#8221;https:\/\/www.arrozbayo.es\/wp-content\/uploads\/2019\/10\/Arroz-Bayo-Ecologico-lateral.png&#8221; alt=&#8221;Arr\u00f2s ecol\u00f2gic&#8221; align_tablet=&#8221;center&#8221; align_phone=&#8221;&#8221; align_last_edited=&#8221;on|desktop&#8221; _builder_version=&#8221;3.27.4&#8243; custom_margin=&#8221;-40px||&#8221;][\/et_pb_image][\/et_pb_column][et_pb_column type=&#8221;3_5&#8243; module_class=&#8221;arros&#8221; _builder_version=&#8221;3.25&#8243; custom_padding=&#8221;|||3.2%&#8221; custom_padding_tablet=&#8221;|||0%&#8221; custom_padding_phone=&#8221;&#8221; custom_padding_last_edited=&#8221;on|tablet&#8221; custom_padding__hover=&#8221;|||&#8221;][et_pb_text _builder_version=&#8221;3.27.4&#8243; header_font=&#8221;|700|||||||&#8221; header_font_size=&#8221;50px&#8221; max_width=&#8221;588px&#8221;]<\/p>\n<h1>Arr\u00f2s ecol\u00f2gic<br \/><span class=\"titul-arros\">Garantia de menjar sa i natural<\/span><\/h1>\n<p>L&#8217;arr\u00f2s ecol\u00f2gic Bayo \u00e9s un arr\u00f2s rod\u00f3 tipus jap\u00f2nica sabor\u00f3s i natural. Delici\u00f3s en tot tipus de receptes, \u00e9s ideal per a plats de cuina vegana i vegetariana. Cultivat amb m\u00e8todes naturals, sense adobs qu\u00edmics, ni pesticides ni additius, ajuda a mantenir l&#8217;equilibri del delta de l&#8217;Ebre.<\/p>\n<p>Certificat amb el segell del Consell Catal\u00e0 de la Producci\u00f3 Agr\u00e0ria Ecol\u00f2gica, \u00e9s garantia de menjar sa i natural.<\/p>\n<p>[\/et_pb_text][et_pb_divider color=&#8221;#C2C2C2&#8243; _builder_version=&#8221;3.17.6&#8243; max_width=&#8221;588px&#8221; custom_margin=&#8221;0px||19px&#8221; custom_padding=&#8221;3px||0px&#8221;][\/et_pb_divider][et_pb_blurb title=&#8221;temps de cocci\u00f3&#8221; image=&#8221;https:\/\/www.arrozbayo.es\/wp-content\/uploads\/2018\/11\/olla.png&#8221; icon_placement=&#8221;left&#8221; _builder_version=&#8221;3.17.6&#8243; header_font=&#8221;|700||on|||||&#8221; custom_css_blurb_title=&#8221;padding-bottom: 0;&#8221; custom_css_blurb_content=&#8221;margin-left: 0;&#8221;]<\/p>\n<p>16 minuts per a arrossos caldosos i 18 per a arrossos secs.<\/p>\n<p>[\/et_pb_blurb][et_pb_blurb title=&#8221;Formats&#8221; image=&#8221;https:\/\/www.arrozbayo.es\/wp-content\/uploads\/2018\/11\/sac.png&#8221; icon_placement=&#8221;left&#8221; _builder_version=&#8221;4.9.7&#8243; header_font=&#8221;|700||on|||||&#8221; hover_enabled=&#8221;0&#8243; custom_css_blurb_title=&#8221;padding-bottom: 0;&#8221; custom_css_blurb_content=&#8221;margin-left: 0;&#8221; sticky_enabled=&#8221;0&#8243;]<\/p>\n<p>1 kg cartr\u00f3<\/p>\n<p>[\/et_pb_blurb][\/et_pb_column][\/et_pb_row][et_pb_row _builder_version=&#8221;3.25&#8243; custom_padding=&#8221;44px|0px|14px|0px|false|false&#8221;][et_pb_column type=&#8221;4_4&#8243; _builder_version=&#8221;3.25&#8243; custom_padding=&#8221;|||&#8221; custom_padding__hover=&#8221;|||&#8221;][et_pb_divider color=&#8221;#C2C2C2&#8243; _builder_version=&#8221;3.17.6&#8243;][\/et_pb_divider][\/et_pb_column][\/et_pb_row][\/et_pb_section][et_pb_section fb_built=&#8221;1&#8243; custom_padding_last_edited=&#8221;on|desktop&#8221; module_class=&#8221;arrossos&#8221; _builder_version=&#8221;3.22&#8243; custom_padding=&#8221;3px|0px|40px|0px|false|false&#8221; custom_padding_tablet=&#8221;3px|0px|0px|0px|false|false&#8221; custom_padding_phone=&#8221;&#8221;][et_pb_row _builder_version=&#8221;3.25&#8243;][et_pb_column type=&#8221;4_4&#8243; _builder_version=&#8221;3.25&#8243; custom_padding=&#8221;|||&#8221; custom_padding__hover=&#8221;|||&#8221;][et_pb_text _builder_version=&#8221;3.27.4&#8243; header_font=&#8221;||||||||&#8221; header_2_font=&#8221;|600|||||||&#8221; header_2_font_size=&#8221;40px&#8221;]<\/p>\n<h2>M\u00e9s arrossos Bayo<\/h2>\n<p>[\/et_pb_text][\/et_pb_column][\/et_pb_row][et_pb_row column_structure=&#8221;1_4,1_4,1_4,1_4&#8243; _builder_version=&#8221;3.25&#8243; custom_padding=&#8221;8px|0px|29px|0px|false|false&#8221;][et_pb_column type=&#8221;1_4&#8243; _builder_version=&#8221;3.25&#8243; custom_padding=&#8221;|||&#8221; custom_padding__hover=&#8221;|||&#8221;][et_pb_image src=&#8221;https:\/\/www.arrozbayo.es\/wp-content\/uploads\/2018\/11\/Arroz-Bayo-COMPO-Redondo.jpg&#8221; alt=&#8221;Arr\u00f2s rod\u00f3&#8221; url=&#8221;https:\/\/www.arrozbayo.es\/ca\/els-nostres-arrossos\/arros-rodo\/&#8221; align_tablet=&#8221;center&#8221; align_phone=&#8221;&#8221; align_last_edited=&#8221;on|desktop&#8221; _builder_version=&#8221;3.23&#8243; custom_margin=&#8221;||6%&#8221; custom_margin_tablet=&#8221;||3%&#8221; custom_margin_phone=&#8221;&#8221; custom_margin_last_edited=&#8221;on|tablet&#8221;][\/et_pb_image][et_pb_text _builder_version=&#8221;3.27.4&#8243; header_3_font=&#8221;|700||on|||||&#8221; header_3_text_align=&#8221;center&#8221; header_3_font_size=&#8221;18px&#8221; link_option_url=&#8221;https:\/\/www.arrozbayo.es\/ca\/els-nostres-arrossos\/arros-rodo\/&#8221;]<\/p>\n<h3>Arr\u00f2s rod\u00f3<\/h3>\n<p>[\/et_pb_text][\/et_pb_column][et_pb_column type=&#8221;1_4&#8243; _builder_version=&#8221;3.25&#8243; custom_padding=&#8221;|||&#8221; custom_padding__hover=&#8221;|||&#8221;][et_pb_image src=&#8221;https:\/\/www.arrozbayo.es\/wp-content\/uploads\/2018\/11\/Arroz-Bayo-COMPO-Largo.jpg&#8221; alt=&#8221;Arr\u00f2s llarg&#8221; url=&#8221;https:\/\/www.arrozbayo.es\/ca\/els-nostres-arrossos\/arros-llarg\/&#8221; align_tablet=&#8221;center&#8221; align_phone=&#8221;&#8221; align_last_edited=&#8221;on|desktop&#8221; _builder_version=&#8221;3.23&#8243; custom_margin=&#8221;||6%&#8221; custom_margin_tablet=&#8221;||3%&#8221; custom_margin_phone=&#8221;&#8221; custom_margin_last_edited=&#8221;on|tablet&#8221;][\/et_pb_image][et_pb_text _builder_version=&#8221;3.27.4&#8243; header_3_font=&#8221;|700||on|||||&#8221; header_3_text_align=&#8221;center&#8221; header_3_font_size=&#8221;18px&#8221; link_option_url=&#8221;https:\/\/www.arrozbayo.es\/ca\/els-nostres-arrossos\/arros-llarg\/&#8221;]<\/p>\n<h3>Arr\u00f2s llarg<\/h3>\n<p>[\/et_pb_text][\/et_pb_column][et_pb_column type=&#8221;1_4&#8243; _builder_version=&#8221;3.25&#8243; custom_padding=&#8221;|||&#8221; custom_padding__hover=&#8221;|||&#8221;][et_pb_image src=&#8221;https:\/\/www.arrozbayo.es\/wp-content\/uploads\/2018\/11\/Arroz-Bayo-COMPO-Vaporizado.jpg&#8221; alt=&#8221;Arr\u00f2s vaporitzat&#8221; url=&#8221;https:\/\/www.arrozbayo.es\/ca\/els-nostres-arrossos\/arros-vaporitzat\/&#8221; align_tablet=&#8221;center&#8221; align_phone=&#8221;&#8221; align_last_edited=&#8221;on|desktop&#8221; _builder_version=&#8221;3.23&#8243; custom_margin=&#8221;||6%&#8221; custom_margin_tablet=&#8221;||3%&#8221; custom_margin_phone=&#8221;&#8221; custom_margin_last_edited=&#8221;on|desktop&#8221;][\/et_pb_image][et_pb_text _builder_version=&#8221;3.27.4&#8243; header_3_font=&#8221;|700||on|||||&#8221; header_3_text_align=&#8221;center&#8221; header_3_font_size=&#8221;18px&#8221; link_option_url=&#8221;https:\/\/www.arrozbayo.es\/ca\/els-nostres-arrossos\/arros-vaporitzat\/&#8221;]<\/p>\n<h3>Arr\u00f2s vaporitzat<\/h3>\n<p>[\/et_pb_text][\/et_pb_column][et_pb_column type=&#8221;1_4&#8243; _builder_version=&#8221;3.25&#8243; custom_padding=&#8221;|||&#8221; custom_padding__hover=&#8221;|||&#8221;][et_pb_image src=&#8221;https:\/\/www.arrozbayo.es\/wp-content\/uploads\/2018\/11\/Arroz-Bayo-COMPO-Bomba.jpg&#8221; alt=&#8221;Arr\u00f2s bomba&#8221; url=&#8221;https:\/\/www.arrozbayo.es\/ca\/els-nostres-arrossos\/arros-bomba\/&#8221; align_tablet=&#8221;center&#8221; align_phone=&#8221;&#8221; align_last_edited=&#8221;on|desktop&#8221; _builder_version=&#8221;3.23&#8243; custom_margin=&#8221;||6%&#8221; custom_margin_tablet=&#8221;||3%&#8221; custom_margin_phone=&#8221;&#8221; custom_margin_last_edited=&#8221;on|desktop&#8221;][\/et_pb_image][et_pb_text _builder_version=&#8221;3.27.4&#8243; header_3_font=&#8221;|700||on|||||&#8221; header_3_text_align=&#8221;center&#8221; header_3_font_size=&#8221;18px&#8221; link_option_url=&#8221;https:\/\/www.arrozbayo.es\/ca\/els-nostres-arrossos\/arros-bomba\/&#8221;]<\/p>\n<h3>Arr\u00f2s bomba<\/h3>\n<p>[\/et_pb_text][\/et_pb_column][\/et_pb_row][et_pb_row column_structure=&#8221;1_4,1_4,1_4,1_4&#8243; _builder_version=&#8221;3.25&#8243;][et_pb_column type=&#8221;1_4&#8243; _builder_version=&#8221;3.25&#8243; custom_padding=&#8221;|||&#8221; custom_padding__hover=&#8221;|||&#8221;][et_pb_image src=&#8221;https:\/\/www.arrozbayo.es\/wp-content\/uploads\/2018\/11\/Arroz-Bayo-Salvaje-lateral.jpg&#8221; alt=&#8221;Arr\u00f2s salvatge&#8221; url=&#8221;https:\/\/www.arrozbayo.es\/ca\/els-nostres-arrossos\/arros-salvatge\/&#8221; align_tablet=&#8221;center&#8221; align_phone=&#8221;&#8221; align_last_edited=&#8221;on|desktop&#8221; _builder_version=&#8221;3.23&#8243; custom_margin=&#8221;||6%&#8221; custom_margin_tablet=&#8221;||3%&#8221; custom_margin_phone=&#8221;&#8221; custom_margin_last_edited=&#8221;on|desktop&#8221;][\/et_pb_image][et_pb_text _builder_version=&#8221;3.27.4&#8243; header_3_font=&#8221;|700||on|||||&#8221; header_3_text_align=&#8221;center&#8221; header_3_font_size=&#8221;18px&#8221; link_option_url=&#8221;https:\/\/www.arrozbayo.es\/ca\/els-nostres-arrossos\/arros-salvatge\/&#8221;]<\/p>\n<h3>Arr\u00f2s salvatge<\/h3>\n<p>[\/et_pb_text][\/et_pb_column][et_pb_column type=&#8221;1_4&#8243; _builder_version=&#8221;3.25&#8243; custom_padding=&#8221;|||&#8221; custom_padding__hover=&#8221;|||&#8221;][et_pb_image src=&#8221;https:\/\/www.arrozbayo.es\/wp-content\/uploads\/2022\/08\/arroz-sushi.jpg&#8221; alt=&#8221;Arr\u00f2s sushi&#8221; url=&#8221;https:\/\/www.arrozbayo.es\/ca\/els-nostres-arrossos\/arros-sushi\/&#8221; align_tablet=&#8221;center&#8221; align_phone=&#8221;&#8221; align_last_edited=&#8221;on|desktop&#8221; _builder_version=&#8221;3.23&#8243; custom_margin=&#8221;||6%&#8221; custom_margin_tablet=&#8221;||3%&#8221; custom_margin_phone=&#8221;&#8221; custom_margin_last_edited=&#8221;on|tablet&#8221;][\/et_pb_image][et_pb_text _builder_version=&#8221;3.27.4&#8243; header_3_font=&#8221;|700||on|||||&#8221; header_3_text_align=&#8221;center&#8221; header_3_font_size=&#8221;18px&#8221; link_option_url=&#8221;https:\/\/www.arrozbayo.es\/ca\/els-nostres-arrossos\/arros-sushi\/&#8221;]<\/p>\n<h3>Arr\u00f2s sushi<\/h3>\n<p>[\/et_pb_text][\/et_pb_column][et_pb_column type=&#8221;1_4&#8243; _builder_version=&#8221;3.25&#8243; custom_padding=&#8221;|||&#8221; custom_padding__hover=&#8221;|||&#8221;][et_pb_image src=&#8221;https:\/\/www.arrozbayo.es\/wp-content\/uploads\/2018\/11\/arroz-bayo-basmati-compo-1kg-5kg.jpg&#8221; alt=&#8221;Arr\u00f2s basmati&#8221; url=&#8221;https:\/\/www.arrozbayo.es\/ca\/els-nostres-arrossos\/arros-basmati\/&#8221; align_tablet=&#8221;center&#8221; align_phone=&#8221;&#8221; align_last_edited=&#8221;on|desktop&#8221; _builder_version=&#8221;3.23&#8243; custom_margin=&#8221;||6%&#8221; custom_margin_tablet=&#8221;||3%&#8221; custom_margin_phone=&#8221;&#8221; custom_margin_last_edited=&#8221;on|desktop&#8221;][\/et_pb_image][et_pb_text _builder_version=&#8221;3.27.4&#8243; header_3_font=&#8221;|700||on|||||&#8221; header_3_text_align=&#8221;center&#8221; header_3_font_size=&#8221;18px&#8221; link_option_url=&#8221;https:\/\/www.arrozbayo.es\/ca\/els-nostres-arrossos\/arros-basmati\/&#8221;]<\/p>\n<h3>Arr\u00f2s basmati<\/h3>\n<p>[\/et_pb_text][\/et_pb_column][et_pb_column type=&#8221;1_4&#8243; _builder_version=&#8221;3.25&#8243; custom_padding=&#8221;|||&#8221; custom_padding__hover=&#8221;|||&#8221;][et_pb_image src=&#8221;https:\/\/www.arrozbayo.es\/wp-content\/uploads\/2018\/11\/Arroz-Bayo-bolsa-1Kg-Integral-lateral.jpg&#8221; alt=&#8221;Arr\u00f2s integral&#8221; url=&#8221;https:\/\/www.arrozbayo.es\/ca\/els-nostres-arrossos\/arros-integral\/&#8221; align_tablet=&#8221;center&#8221; align_phone=&#8221;&#8221; align_last_edited=&#8221;on|desktop&#8221; _builder_version=&#8221;3.23&#8243; custom_margin=&#8221;||6%&#8221; custom_margin_tablet=&#8221;||3%&#8221; custom_margin_phone=&#8221;&#8221; custom_margin_last_edited=&#8221;on|desktop&#8221;][\/et_pb_image][et_pb_text _builder_version=&#8221;3.27.4&#8243; header_3_font=&#8221;|700||on|||||&#8221; header_3_text_align=&#8221;center&#8221; header_3_font_size=&#8221;18px&#8221; link_option_url=&#8221;https:\/\/www.arrozbayo.es\/ca\/els-nostres-arrossos\/arros-integral\/&#8221;]<\/p>\n<h3>Arr\u00f2s integral<\/h3>\n<p>[\/et_pb_text][\/et_pb_column][\/et_pb_row][et_pb_row column_structure=&#8221;1_4,1_4,1_4,1_4&#8243; _builder_version=&#8221;3.25&#8243;][et_pb_column type=&#8221;1_4&#8243; _builder_version=&#8221;3.25&#8243; custom_padding=&#8221;|||&#8221; custom_padding__hover=&#8221;|||&#8221;][et_pb_image src=&#8221;https:\/\/www.arrozbayo.es\/wp-content\/uploads\/2018\/11\/Arroz-Bayo-Thai-Jazmin-lateral.jpg&#8221; alt=&#8221;Arr\u00f2s thai-gessam\u00ed&#8221; url=&#8221;https:\/\/www.arrozbayo.es\/ca\/els-nostres-arrossos\/arros-thai-gessami\/&#8221; align_tablet=&#8221;center&#8221; align_phone=&#8221;&#8221; align_last_edited=&#8221;on|desktop&#8221; _builder_version=&#8221;3.23&#8243; custom_margin=&#8221;||6%&#8221; custom_margin_tablet=&#8221;||3%&#8221; custom_margin_phone=&#8221;&#8221; custom_margin_last_edited=&#8221;on|desktop&#8221;][\/et_pb_image][et_pb_text _builder_version=&#8221;3.27.4&#8243; header_3_font=&#8221;|700||on|||||&#8221; header_3_text_align=&#8221;center&#8221; header_3_font_size=&#8221;18px&#8221; link_option_url=&#8221;https:\/\/www.arrozbayo.es\/ca\/els-nostres-arrossos\/arros-thai-gessami\/&#8221;]<\/p>\n<h3>Arr\u00f2s thai-gessam\u00ed<\/h3>\n<p>[\/et_pb_text][\/et_pb_column][et_pb_column type=&#8221;1_4&#8243; _builder_version=&#8221;3.25&#8243; custom_padding=&#8221;|||&#8221; custom_padding__hover=&#8221;|||&#8221;][et_pb_image src=&#8221;https:\/\/www.arrozbayo.es\/wp-content\/uploads\/2018\/11\/Arroz-Bayo-Risotto-lateral.jpg&#8221; alt=&#8221;Arr\u00f2s especial risotto&#8221; url=&#8221;https:\/\/www.arrozbayo.es\/ca\/els-nostres-arrossos\/arros-especial-risotto\/&#8221; align_tablet=&#8221;center&#8221; align_phone=&#8221;&#8221; align_last_edited=&#8221;on|desktop&#8221; _builder_version=&#8221;3.23&#8243; custom_margin=&#8221;||6%&#8221; custom_margin_tablet=&#8221;||3%&#8221; custom_margin_phone=&#8221;&#8221; custom_margin_last_edited=&#8221;on|desktop&#8221;][\/et_pb_image][et_pb_text _builder_version=&#8221;3.27.4&#8243; header_3_font=&#8221;|700||on|||||&#8221; header_3_text_align=&#8221;center&#8221; header_3_font_size=&#8221;18px&#8221; link_option_url=&#8221;https:\/\/www.arrozbayo.es\/ca\/els-nostres-arrossos\/arros-especial-risotto\/&#8221;]<\/p>\n<h3>Arr\u00f2s especial risotto<\/h3>\n<p>[\/et_pb_text][\/et_pb_column][et_pb_column type=&#8221;1_4&#8243; _builder_version=&#8221;3.25&#8243; custom_padding=&#8221;|||&#8221; custom_padding__hover=&#8221;|||&#8221;][\/et_pb_column][et_pb_column type=&#8221;1_4&#8243; _builder_version=&#8221;3.25&#8243; custom_padding=&#8221;|||&#8221; custom_padding__hover=&#8221;|||&#8221;][\/et_pb_column][\/et_pb_row][\/et_pb_section]<\/p>\n","protected":false},"excerpt":{"rendered":"<p>[et_pb_section fb_built=&#8221;1&#8243; custom_padding_last_edited=&#8221;on|phone&#8221; _builder_version=&#8221;3.22&#8243; custom_padding=&#8221;68px|0px|2px|0px|false|false&#8221; custom_padding_tablet=&#8221;58px||&#8221; custom_padding_phone=&#8221;30px||&#8221;][et_pb_row column_structure=&#8221;2_5,3_5&#8243; _builder_version=&#8221;3.25&#8243;][et_pb_column type=&#8221;2_5&#8243; _builder_version=&#8221;3.25&#8243; custom_padding=&#8221;|||&#8221; custom_padding__hover=&#8221;|||&#8221;][et_pb_image src=&#8221;https:\/\/www.arrozbayo.es\/wp-content\/uploads\/2019\/10\/Arroz-Bayo-Ecologico-lateral.png&#8221; alt=&#8221;Arr\u00f2s ecol\u00f2gic&#8221; align_tablet=&#8221;center&#8221; align_phone=&#8221;&#8221; align_last_edited=&#8221;on|desktop&#8221; _builder_version=&#8221;3.27.4&#8243; custom_margin=&#8221;-40px||&#8221;][\/et_pb_image][\/et_pb_column][et_pb_column type=&#8221;3_5&#8243; module_class=&#8221;arros&#8221; _builder_version=&#8221;3.25&#8243; custom_padding=&#8221;|||3.2%&#8221; custom_padding_tablet=&#8221;|||0%&#8221; custom_padding_phone=&#8221;&#8221; custom_padding_last_edited=&#8221;on|tablet&#8221; custom_padding__hover=&#8221;|||&#8221;][et_pb_text _builder_version=&#8221;3.27.4&#8243; header_font=&#8221;|700|||||||&#8221; header_font_size=&#8221;50px&#8221; max_width=&#8221;588px&#8221;] Arr\u00f2s ecol\u00f2gicGarantia de menjar sa i natural L&#8217;arr\u00f2s ecol\u00f2gic Bayo \u00e9s un arr\u00f2s rod\u00f3 tipus jap\u00f2nica sabor\u00f3s i natural. Delici\u00f3s en tot [&hellip;]<\/p>\n","protected":false},"author":3,"featured_media":0,"parent":33,"menu_order":0,"comment_status":"closed","ping_status":"closed","template":"","meta":{"_et_pb_use_builder":"on","_et_pb_old_content":"","_et_gb_content_width":"","footnotes":""},"class_list":["post-570","page","type-page","status-publish","hentry"],"yoast_head":"<!-- This site is optimized with the Yoast SEO plugin v25.6 - https:\/\/yoast.com\/wordpress\/plugins\/seo\/ -->\n<title>Arr\u00f2s ecol\u00f2gic | Garantia de menjar sa i natural | Arrossos Bayo<\/title>\n<meta name=\"description\" content=\"Cultivat sense adobs qu\u00edmics, pesticides ni additius, l&#039;arr\u00f2s ecol\u00f2gic Bayo \u00e9s sabor\u00f3s i natural esent ideal per cuina vegana i vegetariana\" \/>\n<meta name=\"robots\" content=\"index, follow, max-snippet:-1, max-image-preview:large, max-video-preview:-1\" \/>\n<link rel=\"canonical\" href=\"https:\/\/www.arrozbayo.es\/ca\/els-nostres-arrossos\/arros-ecologic\/\" \/>\n<meta property=\"og:locale\" content=\"ca_ES\" \/>\n<meta property=\"og:type\" content=\"article\" \/>\n<meta property=\"og:title\" content=\"Arr\u00f2s ecol\u00f2gic | Garantia de menjar sa i natural | Arrossos Bayo\" \/>\n<meta property=\"og:description\" content=\"Cultivat sense adobs qu\u00edmics, pesticides ni additius, l&#039;arr\u00f2s ecol\u00f2gic Bayo \u00e9s sabor\u00f3s i natural esent ideal per cuina vegana i vegetariana\" \/>\n<meta property=\"og:url\" content=\"https:\/\/www.arrozbayo.es\/ca\/els-nostres-arrossos\/arros-ecologic\/\" \/>\n<meta property=\"og:site_name\" content=\"Bayo\" \/>\n<meta property=\"article:modified_time\" content=\"2022-05-21T09:18:34+00:00\" \/>\n<meta name=\"twitter:card\" content=\"summary_large_image\" \/>\n<meta name=\"twitter:label1\" content=\"Temps estimat de lectura\" \/>\n\t<meta name=\"twitter:data1\" content=\"8 minutes\" \/>\n<script type=\"application\/ld+json\" class=\"yoast-schema-graph\">{\"@context\":\"https:\/\/schema.org\",\"@graph\":[{\"@type\":\"WebPage\",\"@id\":\"https:\/\/www.arrozbayo.es\/ca\/els-nostres-arrossos\/arros-ecologic\/\",\"url\":\"https:\/\/www.arrozbayo.es\/ca\/els-nostres-arrossos\/arros-ecologic\/\",\"name\":\"Arr\u00f2s ecol\u00f2gic | Garantia de menjar sa i natural | Arrossos Bayo\",\"isPartOf\":{\"@id\":\"https:\/\/www.arrozbayo.es\/#website\"},\"datePublished\":\"2018-11-15T09:27:13+00:00\",\"dateModified\":\"2022-05-21T09:18:34+00:00\",\"description\":\"Cultivat sense adobs qu\u00edmics, pesticides ni additius, l'arr\u00f2s ecol\u00f2gic Bayo \u00e9s sabor\u00f3s i natural esent ideal per cuina vegana i vegetariana\",\"breadcrumb\":{\"@id\":\"https:\/\/www.arrozbayo.es\/ca\/els-nostres-arrossos\/arros-ecologic\/#breadcrumb\"},\"inLanguage\":\"ca\",\"potentialAction\":[{\"@type\":\"ReadAction\",\"target\":[\"https:\/\/www.arrozbayo.es\/ca\/els-nostres-arrossos\/arros-ecologic\/\"]}]},{\"@type\":\"BreadcrumbList\",\"@id\":\"https:\/\/www.arrozbayo.es\/ca\/els-nostres-arrossos\/arros-ecologic\/#breadcrumb\",\"itemListElement\":[{\"@type\":\"ListItem\",\"position\":1,\"name\":\"Portada\",\"item\":\"https:\/\/www.arrozbayo.es\/ca\/\"},{\"@type\":\"ListItem\",\"position\":2,\"name\":\"Els nostres arrossos\",\"item\":\"https:\/\/www.arrozbayo.es\/ca\/els-nostres-arrossos\/\"},{\"@type\":\"ListItem\",\"position\":3,\"name\":\"Arr\u00f2s ecol\u00f2gic\"}]},{\"@type\":\"WebSite\",\"@id\":\"https:\/\/www.arrozbayo.es\/#website\",\"url\":\"https:\/\/www.arrozbayo.es\/\",\"name\":\"Bayo\",\"description\":\"L\u2019arr\u00f2s d\u2019hostaleria per excel\u00b7l\u00e8ncia\",\"potentialAction\":[{\"@type\":\"SearchAction\",\"target\":{\"@type\":\"EntryPoint\",\"urlTemplate\":\"https:\/\/www.arrozbayo.es\/?s={search_term_string}\"},\"query-input\":{\"@type\":\"PropertyValueSpecification\",\"valueRequired\":true,\"valueName\":\"search_term_string\"}}],\"inLanguage\":\"ca\"}]}<\/script>\n<!-- \/ Yoast SEO plugin. -->","yoast_head_json":{"title":"Arr\u00f2s ecol\u00f2gic | Garantia de menjar sa i natural | Arrossos Bayo","description":"Cultivat sense adobs qu\u00edmics, pesticides ni additius, l'arr\u00f2s ecol\u00f2gic Bayo \u00e9s sabor\u00f3s i natural esent ideal per cuina vegana i vegetariana","robots":{"index":"index","follow":"follow","max-snippet":"max-snippet:-1","max-image-preview":"max-image-preview:large","max-video-preview":"max-video-preview:-1"},"canonical":"https:\/\/www.arrozbayo.es\/ca\/els-nostres-arrossos\/arros-ecologic\/","og_locale":"ca_ES","og_type":"article","og_title":"Arr\u00f2s ecol\u00f2gic | Garantia de menjar sa i natural | Arrossos Bayo","og_description":"Cultivat sense adobs qu\u00edmics, pesticides ni additius, l'arr\u00f2s ecol\u00f2gic Bayo \u00e9s sabor\u00f3s i natural esent ideal per cuina vegana i vegetariana","og_url":"https:\/\/www.arrozbayo.es\/ca\/els-nostres-arrossos\/arros-ecologic\/","og_site_name":"Bayo","article_modified_time":"2022-05-21T09:18:34+00:00","twitter_card":"summary_large_image","twitter_misc":{"Temps estimat de lectura":"8 minutes"},"schema":{"@context":"https:\/\/schema.org","@graph":[{"@type":"WebPage","@id":"https:\/\/www.arrozbayo.es\/ca\/els-nostres-arrossos\/arros-ecologic\/","url":"https:\/\/www.arrozbayo.es\/ca\/els-nostres-arrossos\/arros-ecologic\/","name":"Arr\u00f2s ecol\u00f2gic | Garantia de menjar sa i natural | Arrossos Bayo","isPartOf":{"@id":"https:\/\/www.arrozbayo.es\/#website"},"datePublished":"2018-11-15T09:27:13+00:00","dateModified":"2022-05-21T09:18:34+00:00","description":"Cultivat sense adobs qu\u00edmics, pesticides ni additius, l'arr\u00f2s ecol\u00f2gic Bayo \u00e9s sabor\u00f3s i natural esent ideal per cuina vegana i vegetariana","breadcrumb":{"@id":"https:\/\/www.arrozbayo.es\/ca\/els-nostres-arrossos\/arros-ecologic\/#breadcrumb"},"inLanguage":"ca","potentialAction":[{"@type":"ReadAction","target":["https:\/\/www.arrozbayo.es\/ca\/els-nostres-arrossos\/arros-ecologic\/"]}]},{"@type":"BreadcrumbList","@id":"https:\/\/www.arrozbayo.es\/ca\/els-nostres-arrossos\/arros-ecologic\/#breadcrumb","itemListElement":[{"@type":"ListItem","position":1,"name":"Portada","item":"https:\/\/www.arrozbayo.es\/ca\/"},{"@type":"ListItem","position":2,"name":"Els nostres arrossos","item":"https:\/\/www.arrozbayo.es\/ca\/els-nostres-arrossos\/"},{"@type":"ListItem","position":3,"name":"Arr\u00f2s ecol\u00f2gic"}]},{"@type":"WebSite","@id":"https:\/\/www.arrozbayo.es\/#website","url":"https:\/\/www.arrozbayo.es\/","name":"Bayo","description":"L\u2019arr\u00f2s d\u2019hostaleria per excel\u00b7l\u00e8ncia","potentialAction":[{"@type":"SearchAction","target":{"@type":"EntryPoint","urlTemplate":"https:\/\/www.arrozbayo.es\/?s={search_term_string}"},"query-input":{"@type":"PropertyValueSpecification","valueRequired":true,"valueName":"search_term_string"}}],"inLanguage":"ca"}]}},"_links":{"self":[{"href":"https:\/\/www.arrozbayo.es\/ca\/wp-json\/wp\/v2\/pages\/570"}],"collection":[{"href":"https:\/\/www.arrozbayo.es\/ca\/wp-json\/wp\/v2\/pages"}],"about":[{"href":"https:\/\/www.arrozbayo.es\/ca\/wp-json\/wp\/v2\/types\/page"}],"author":[{"embeddable":true,"href":"https:\/\/www.arrozbayo.es\/ca\/wp-json\/wp\/v2\/users\/3"}],"replies":[{"embeddable":true,"href":"https:\/\/www.arrozbayo.es\/ca\/wp-json\/wp\/v2\/comments?post=570"}],"version-history":[{"count":5,"href":"https:\/\/www.arrozbayo.es\/ca\/wp-json\/wp\/v2\/pages\/570\/revisions"}],"predecessor-version":[{"id":2646,"href":"https:\/\/www.arrozbayo.es\/ca\/wp-json\/wp\/v2\/pages\/570\/revisions\/2646"}],"up":[{"embeddable":true,"href":"https:\/\/www.arrozbayo.es\/ca\/wp-json\/wp\/v2\/pages\/33"}],"wp:attachment":[{"href":"https:\/\/www.arrozbayo.es\/ca\/wp-json\/wp\/v2\/media?parent=570"}],"curies":[{"name":"wp","href":"https:\/\/api.w.org\/{rel}","templated":true}]}}